{"id":2065,"date":"2026-04-08T21:10:23","date_gmt":"2026-04-08T19:10:23","guid":{"rendered":"https:\/\/boutique.bunker-france.com\/?product=ration-de-survie-petit-dejeuner-120-services"},"modified":"2026-04-08T21:10:23","modified_gmt":"2026-04-08T19:10:23","slug":"ration-de-survie-petit-dejeuner-120-services","status":"publish","type":"product","link":"https:\/\/boutique.bunker-france.com\/?product=ration-de-survie-petit-dejeuner-120-services","title":{"rendered":"Ration, de Survie Petit D\u00e9jeuner (120 services)"},"content":{"rendered":"<p>D\u00e9marrez votre journ\u00e9e en toute s\u00e9curit\u00e9 avec notre Ration de Survie Petit D\u00e9jeuner. Avec notre Ration de Survie Petit D\u00e9jeuner, vous pouvez \u00eatre pr\u00eat pour tout type de situation d&rsquo;urgence. Les aliments sont soigneusement choisis&#8230;<\/p>\n","protected":false},"excerpt":{"rendered":"<p>D\u00e9marrez votre journ\u00e9e en toute s\u00e9curit\u00e9 avec notre Ration de Survie Petit D\u00e9jeuner. Avec notre Ration de Survie Petit D\u00e9jeuner, vous pouvez \u00eatre pr\u00eat pour tout type de situation d&rsquo;urgence. Les aliments sont soigneusement choisis&#8230;<\/p>\n","protected":false},"featured_media":2064,"comment_status":"open","ping_status":"closed","template":"","meta":[],"product_brand":[],"product_cat":[60],"product_tag":[],"class_list":{"0":"post-2065","1":"product","2":"type-product","3":"status-publish","4":"has-post-thumbnail","6":"product_cat-ration-de-survie","8":"first","9":"instock","10":"taxable","11":"shipping-taxable","12":"purchasable","13":"product-type-simple"},"_links":{"self":[{"href":"https:\/\/boutique.bunker-france.com\/index.php?rest_route=\/wp\/v2\/product\/2065","targetHints":{"allow":["GET"]}}],"collection":[{"href":"https:\/\/boutique.bunker-france.com\/index.php?rest_route=\/wp\/v2\/product"}],"about":[{"href":"https:\/\/boutique.bunker-france.com\/index.php?rest_route=\/wp\/v2\/types\/product"}],"replies":[{"embeddable":true,"href":"https:\/\/boutique.bunker-france.com\/index.php?rest_route=%2Fwp%2Fv2%2Fcomments&post=2065"}],"wp:featuredmedia":[{"embeddable":true,"href":"https:\/\/boutique.bunker-france.com\/index.php?rest_route=\/wp\/v2\/media\/2064"}],"wp:attachment":[{"href":"https:\/\/boutique.bunker-france.com\/index.php?rest_route=%2Fwp%2Fv2%2Fmedia&parent=2065"}],"wp:term":[{"taxonomy":"product_brand","embeddable":true,"href":"https:\/\/boutique.bunker-france.com\/index.php?rest_route=%2Fwp%2Fv2%2Fproduct_brand&post=2065"},{"taxonomy":"product_cat","embeddable":true,"href":"https:\/\/boutique.bunker-france.com\/index.php?rest_route=%2Fwp%2Fv2%2Fproduct_cat&post=2065"},{"taxonomy":"product_tag","embeddable":true,"href":"https:\/\/boutique.bunker-france.com\/index.php?rest_route=%2Fwp%2Fv2%2Fproduct_tag&post=2065"}],"curies":[{"name":"wp","href":"https:\/\/api.w.org\/{rel}","templated":true}]}}