{"id":2057,"date":"2026-04-08T21:10:22","date_gmt":"2026-04-08T19:10:22","guid":{"rendered":"https:\/\/boutique.bunker-france.com\/?product=ration-de-survie-plat-principal-60-services"},"modified":"2026-04-08T21:10:22","modified_gmt":"2026-04-08T19:10:22","slug":"ration-de-survie-plat-principal-60-services","status":"publish","type":"product","link":"https:\/\/boutique.bunker-france.com\/?product=ration-de-survie-plat-principal-60-services","title":{"rendered":"Ration de Survie Plat Principal (60 services)"},"content":{"rendered":"<p>Trouver de la nourriture pendant une catastrophe naturelle ou une situation d&rsquo;urgence peut \u00eatre difficile. C&rsquo;est pourquoi la Ration de Survie Plat Principal (60 Services) est la solution id\u00e9ale pour vos besoins en nourriture. Ce produit est con\u00e7u pour vous fournir une alimentation compl\u00e8te et \u00e9quilibr\u00e9e en cas de besoin. Il est facile \u00e0 pr\u00e9parer et \u00e0 stocker, ce qui en fait un \u00e9l\u00e9ment essentiel de votre kit de survie.<\/p>\n","protected":false},"excerpt":{"rendered":"<p>Trouver de la nourriture pendant une catastrophe naturelle ou une situation d&rsquo;urgence peut \u00eatre difficile. C&rsquo;est pourquoi la Ration de Survie Plat Principal (60 Services) est la solution id\u00e9ale pour vos besoins en nourriture. Ce produit est con\u00e7u pour vous fournir une alimentation compl\u00e8te et \u00e9quilibr\u00e9e en cas de besoin. Il est facile \u00e0 pr\u00e9parer<\/p>\n<div class=\"more-link\">\n             <a href=\"https:\/\/boutique.bunker-france.com\/?product=ration-de-survie-plat-principal-60-services\" class=\"theme-btn\"><span>Continue Reading <\/span><i class=\"bi bi-arrow-right\"><\/i><\/a>\n        <\/div>\n","protected":false},"featured_media":2056,"comment_status":"open","ping_status":"closed","template":"","meta":[],"product_brand":[],"product_cat":[60],"product_tag":[],"class_list":{"0":"post-2057","1":"product","2":"type-product","3":"status-publish","4":"has-post-thumbnail","6":"product_cat-ration-de-survie","8":"first","9":"instock","10":"taxable","11":"shipping-taxable","12":"purchasable","13":"product-type-simple"},"_links":{"self":[{"href":"https:\/\/boutique.bunker-france.com\/index.php?rest_route=\/wp\/v2\/product\/2057","targetHints":{"allow":["GET"]}}],"collection":[{"href":"https:\/\/boutique.bunker-france.com\/index.php?rest_route=\/wp\/v2\/product"}],"about":[{"href":"https:\/\/boutique.bunker-france.com\/index.php?rest_route=\/wp\/v2\/types\/product"}],"replies":[{"embeddable":true,"href":"https:\/\/boutique.bunker-france.com\/index.php?rest_route=%2Fwp%2Fv2%2Fcomments&post=2057"}],"wp:featuredmedia":[{"embeddable":true,"href":"https:\/\/boutique.bunker-france.com\/index.php?rest_route=\/wp\/v2\/media\/2056"}],"wp:attachment":[{"href":"https:\/\/boutique.bunker-france.com\/index.php?rest_route=%2Fwp%2Fv2%2Fmedia&parent=2057"}],"wp:term":[{"taxonomy":"product_brand","embeddable":true,"href":"https:\/\/boutique.bunker-france.com\/index.php?rest_route=%2Fwp%2Fv2%2Fproduct_brand&post=2057"},{"taxonomy":"product_cat","embeddable":true,"href":"https:\/\/boutique.bunker-france.com\/index.php?rest_route=%2Fwp%2Fv2%2Fproduct_cat&post=2057"},{"taxonomy":"product_tag","embeddable":true,"href":"https:\/\/boutique.bunker-france.com\/index.php?rest_route=%2Fwp%2Fv2%2Fproduct_tag&post=2057"}],"curies":[{"name":"wp","href":"https:\/\/api.w.org\/{rel}","templated":true}]}}