{"id":2055,"date":"2026-04-08T21:10:22","date_gmt":"2026-04-08T19:10:22","guid":{"rendered":"https:\/\/boutique.bunker-france.com\/?product=ration-de-survie-repas-60-services"},"modified":"2026-04-08T21:10:22","modified_gmt":"2026-04-08T19:10:22","slug":"ration-de-survie-repas-60-services","status":"publish","type":"product","link":"https:\/\/boutique.bunker-france.com\/?product=ration-de-survie-repas-60-services","title":{"rendered":"Ration de Survie Repas (60 services)"},"content":{"rendered":"<p>Ne soyez jamais pris au d\u00e9pourvu lors de votre prochaine aventure en ext\u00e9rieur gr\u00e2ce \u00e0 notre ration de survie repas (60 services). Con\u00e7ue pour les aventuriers en qu\u00eate de s\u00e9curit\u00e9, cette solution alimentaire de qualit\u00e9 vous assure une tranquillit\u00e9 d&rsquo;esprit, m\u00eame dans les situations les plus exigeantes. Que vous soyez en randonn\u00e9e, en camping, ou confront\u00e9 \u00e0 une situation d&rsquo;urgence, cette ration vous fournira l&rsquo;\u00e9nergie et les nutriments n\u00e9cessaires pour maintenir votre performance et votre bien-\u00eatre.<\/p>\n","protected":false},"excerpt":{"rendered":"<p>Ne soyez jamais pris au d\u00e9pourvu lors de votre prochaine aventure en ext\u00e9rieur gr\u00e2ce \u00e0 notre ration de survie repas (60 services). Con\u00e7ue pour les aventuriers en qu\u00eate de s\u00e9curit\u00e9, cette solution alimentaire de qualit\u00e9 vous assure une tranquillit\u00e9 d&rsquo;esprit, m\u00eame dans les situations les plus exigeantes. Que vous soyez en randonn\u00e9e, en camping, ou<\/p>\n<div class=\"more-link\">\n             <a href=\"https:\/\/boutique.bunker-france.com\/?product=ration-de-survie-repas-60-services\" class=\"theme-btn\"><span>Continue Reading <\/span><i class=\"bi bi-arrow-right\"><\/i><\/a>\n        <\/div>\n","protected":false},"featured_media":2054,"comment_status":"open","ping_status":"closed","template":"","meta":[],"product_brand":[],"product_cat":[60],"product_tag":[],"class_list":{"0":"post-2055","1":"product","2":"type-product","3":"status-publish","4":"has-post-thumbnail","6":"product_cat-ration-de-survie","8":"first","9":"instock","10":"taxable","11":"shipping-taxable","12":"purchasable","13":"product-type-simple"},"_links":{"self":[{"href":"https:\/\/boutique.bunker-france.com\/index.php?rest_route=\/wp\/v2\/product\/2055","targetHints":{"allow":["GET"]}}],"collection":[{"href":"https:\/\/boutique.bunker-france.com\/index.php?rest_route=\/wp\/v2\/product"}],"about":[{"href":"https:\/\/boutique.bunker-france.com\/index.php?rest_route=\/wp\/v2\/types\/product"}],"replies":[{"embeddable":true,"href":"https:\/\/boutique.bunker-france.com\/index.php?rest_route=%2Fwp%2Fv2%2Fcomments&post=2055"}],"wp:featuredmedia":[{"embeddable":true,"href":"https:\/\/boutique.bunker-france.com\/index.php?rest_route=\/wp\/v2\/media\/2054"}],"wp:attachment":[{"href":"https:\/\/boutique.bunker-france.com\/index.php?rest_route=%2Fwp%2Fv2%2Fmedia&parent=2055"}],"wp:term":[{"taxonomy":"product_brand","embeddable":true,"href":"https:\/\/boutique.bunker-france.com\/index.php?rest_route=%2Fwp%2Fv2%2Fproduct_brand&post=2055"},{"taxonomy":"product_cat","embeddable":true,"href":"https:\/\/boutique.bunker-france.com\/index.php?rest_route=%2Fwp%2Fv2%2Fproduct_cat&post=2055"},{"taxonomy":"product_tag","embeddable":true,"href":"https:\/\/boutique.bunker-france.com\/index.php?rest_route=%2Fwp%2Fv2%2Fproduct_tag&post=2055"}],"curies":[{"name":"wp","href":"https:\/\/api.w.org\/{rel}","templated":true}]}}