{"id":2025,"date":"2026-04-07T23:38:17","date_gmt":"2026-04-07T21:38:17","guid":{"rendered":"https:\/\/boutique.bunker-france.com\/?product=pelle-multifonction-de-survie"},"modified":"2026-04-07T23:38:17","modified_gmt":"2026-04-07T21:38:17","slug":"pelle-multifonction-de-survie","status":"publish","type":"product","link":"https:\/\/boutique.bunker-france.com\/?product=pelle-multifonction-de-survie","title":{"rendered":"Pelle Multifonction de Survie"},"content":{"rendered":"<p>La Pelle Multifonction de Survie est un outil indispensable pour toute aventure en ext\u00e9rieur. Fabriqu\u00e9e avec des mat\u00e9riaux robustes, elle est con\u00e7ue pour durer et offrir une polyvalence maximale. Ses caract\u00e9ristiques incluent une longueur totale de 68 cm, des dimensions de pelle de 13&#215;17 cm en acier au mangan\u00e8se, un manche en alliage d&rsquo;aluminium, une \u00e9paisseur de 2,5 mm et une duret\u00e9 de 58 HRC. Cet outil est parfait pour creuser, couper, et bien d&rsquo;autres t\u00e2ches de survie.<\/p>\n","protected":false},"excerpt":{"rendered":"<p>La Pelle Multifonction de Survie est un outil indispensable pour toute aventure en ext\u00e9rieur. Fabriqu\u00e9e avec des mat\u00e9riaux robustes, elle est con\u00e7ue pour durer et offrir une polyvalence maximale. Ses caract\u00e9ristiques incluent une longueur totale de 68 cm, des dimensions de pelle de 13&#215;17 cm en acier au mangan\u00e8se, un manche en alliage d&rsquo;aluminium, une<\/p>\n<div class=\"more-link\">\n             <a href=\"https:\/\/boutique.bunker-france.com\/?product=pelle-multifonction-de-survie\" class=\"theme-btn\"><span>Continue Reading <\/span><i class=\"bi bi-arrow-right\"><\/i><\/a>\n        <\/div>\n","protected":false},"featured_media":2024,"comment_status":"open","ping_status":"closed","template":"","meta":[],"product_brand":[],"product_cat":[58],"product_tag":[],"class_list":{"0":"post-2025","1":"product","2":"type-product","3":"status-publish","4":"has-post-thumbnail","6":"product_cat-couteaux-outils","8":"first","9":"instock","10":"taxable","11":"shipping-taxable","12":"purchasable","13":"product-type-simple"},"_links":{"self":[{"href":"https:\/\/boutique.bunker-france.com\/index.php?rest_route=\/wp\/v2\/product\/2025","targetHints":{"allow":["GET"]}}],"collection":[{"href":"https:\/\/boutique.bunker-france.com\/index.php?rest_route=\/wp\/v2\/product"}],"about":[{"href":"https:\/\/boutique.bunker-france.com\/index.php?rest_route=\/wp\/v2\/types\/product"}],"replies":[{"embeddable":true,"href":"https:\/\/boutique.bunker-france.com\/index.php?rest_route=%2Fwp%2Fv2%2Fcomments&post=2025"}],"wp:featuredmedia":[{"embeddable":true,"href":"https:\/\/boutique.bunker-france.com\/index.php?rest_route=\/wp\/v2\/media\/2024"}],"wp:attachment":[{"href":"https:\/\/boutique.bunker-france.com\/index.php?rest_route=%2Fwp%2Fv2%2Fmedia&parent=2025"}],"wp:term":[{"taxonomy":"product_brand","embeddable":true,"href":"https:\/\/boutique.bunker-france.com\/index.php?rest_route=%2Fwp%2Fv2%2Fproduct_brand&post=2025"},{"taxonomy":"product_cat","embeddable":true,"href":"https:\/\/boutique.bunker-france.com\/index.php?rest_route=%2Fwp%2Fv2%2Fproduct_cat&post=2025"},{"taxonomy":"product_tag","embeddable":true,"href":"https:\/\/boutique.bunker-france.com\/index.php?rest_route=%2Fwp%2Fv2%2Fproduct_tag&post=2025"}],"curies":[{"name":"wp","href":"https:\/\/api.w.org\/{rel}","templated":true}]}}