{"id":2019,"date":"2026-04-07T23:38:16","date_gmt":"2026-04-07T21:38:16","guid":{"rendered":"https:\/\/boutique.bunker-france.com\/?product=pelle-bushcraft"},"modified":"2026-04-07T23:38:16","modified_gmt":"2026-04-07T21:38:16","slug":"pelle-bushcraft","status":"publish","type":"product","link":"https:\/\/boutique.bunker-france.com\/?product=pelle-bushcraft","title":{"rendered":"Pelle Bushcraft"},"content":{"rendered":"<p>La pelle Bushcraft est un outil essentiel pour toute activit\u00e9 de survie ou de bushcraft. Fabriqu\u00e9e en acier inoxydable, elle est robuste et durable. Sa couleur argent\u00e9e lui conf\u00e8re un aspect discret et fonctionnel. Id\u00e9ale pour creuser, d\u00e9placer de la terre ou d&rsquo;autres mat\u00e9riaux, elle est un ajout pr\u00e9cieux \u00e0 votre \u00e9quipement de survie.<\/p>\n","protected":false},"excerpt":{"rendered":"<p>La pelle Bushcraft est un outil essentiel pour toute activit\u00e9 de survie ou de bushcraft. Fabriqu\u00e9e en acier inoxydable, elle est robuste et durable. Sa couleur argent\u00e9e lui conf\u00e8re un aspect discret et fonctionnel. Id\u00e9ale pour creuser, d\u00e9placer de la terre ou d&rsquo;autres mat\u00e9riaux, elle est un ajout pr\u00e9cieux \u00e0 votre \u00e9quipement de survie.<\/p>\n","protected":false},"featured_media":2018,"comment_status":"open","ping_status":"closed","template":"","meta":[],"product_brand":[],"product_cat":[58],"product_tag":[],"class_list":{"0":"post-2019","1":"product","2":"type-product","3":"status-publish","4":"has-post-thumbnail","6":"product_cat-couteaux-outils","8":"first","9":"instock","10":"taxable","11":"shipping-taxable","12":"purchasable","13":"product-type-simple"},"_links":{"self":[{"href":"https:\/\/boutique.bunker-france.com\/index.php?rest_route=\/wp\/v2\/product\/2019","targetHints":{"allow":["GET"]}}],"collection":[{"href":"https:\/\/boutique.bunker-france.com\/index.php?rest_route=\/wp\/v2\/product"}],"about":[{"href":"https:\/\/boutique.bunker-france.com\/index.php?rest_route=\/wp\/v2\/types\/product"}],"replies":[{"embeddable":true,"href":"https:\/\/boutique.bunker-france.com\/index.php?rest_route=%2Fwp%2Fv2%2Fcomments&post=2019"}],"wp:featuredmedia":[{"embeddable":true,"href":"https:\/\/boutique.bunker-france.com\/index.php?rest_route=\/wp\/v2\/media\/2018"}],"wp:attachment":[{"href":"https:\/\/boutique.bunker-france.com\/index.php?rest_route=%2Fwp%2Fv2%2Fmedia&parent=2019"}],"wp:term":[{"taxonomy":"product_brand","embeddable":true,"href":"https:\/\/boutique.bunker-france.com\/index.php?rest_route=%2Fwp%2Fv2%2Fproduct_brand&post=2019"},{"taxonomy":"product_cat","embeddable":true,"href":"https:\/\/boutique.bunker-france.com\/index.php?rest_route=%2Fwp%2Fv2%2Fproduct_cat&post=2019"},{"taxonomy":"product_tag","embeddable":true,"href":"https:\/\/boutique.bunker-france.com\/index.php?rest_route=%2Fwp%2Fv2%2Fproduct_tag&post=2019"}],"curies":[{"name":"wp","href":"https:\/\/api.w.org\/{rel}","templated":true}]}}