{"id":2010,"date":"2026-04-07T23:34:26","date_gmt":"2026-04-07T21:34:26","guid":{"rendered":"https:\/\/boutique.bunker-france.com\/?product=couteau-survie-droit-rambo-2"},"modified":"2026-04-07T23:34:26","modified_gmt":"2026-04-07T21:34:26","slug":"couteau-survie-droit-rambo-2","status":"publish","type":"product","link":"https:\/\/boutique.bunker-france.com\/?product=couteau-survie-droit-rambo-2","title":{"rendered":"Couteau Survie Droit Rambo"},"content":{"rendered":"<p>Ce couteau de survie Rambo est un couteau \u00e0 lame fixe, id\u00e9al pour les activit\u00e9s en ext\u00e9rieur. Il est robuste et tranchant, parfait pour la for\u00eat, la randonn\u00e9e, couper du bois ou de la corde, et m\u00eame pour la cuisine ou construire un abri. Sa lame droite est tr\u00e8s r\u00e9sistante et coupante, et son manche offre un tr\u00e8s bon grip. Il est \u00e9galement appr\u00e9ci\u00e9 pour son excellent rapport qualit\u00e9-prix et sa livraison rapide.<\/p>\n<p>Caract\u00e9ristiques:<\/p>\n<p>* Type de couteau : Couteau \u00e0 lame fixe<\/p>\n<p>* Longueur totale : 20cm<\/p>\n<p>* Longueur de la lame : 9cm<\/p>\n<p>* Longueur du manche : 10cm<\/p>\n<p>* Largeur de la lame : 3.2cm<\/p>\n","protected":false},"excerpt":{"rendered":"<p>Ce couteau de survie Rambo est un couteau \u00e0 lame fixe, id\u00e9al pour les activit\u00e9s en ext\u00e9rieur. Il est robuste et tranchant, parfait pour la for\u00eat, la randonn\u00e9e, couper du bois ou de la corde, et m\u00eame pour la cuisine ou construire un abri. Sa lame droite est tr\u00e8s r\u00e9sistante et coupante, et son manche<\/p>\n<div class=\"more-link\">\n             <a href=\"https:\/\/boutique.bunker-france.com\/?product=couteau-survie-droit-rambo-2\" class=\"theme-btn\"><span>Continue Reading <\/span><i class=\"bi bi-arrow-right\"><\/i><\/a>\n        <\/div>\n","protected":false},"featured_media":1979,"comment_status":"open","ping_status":"closed","template":"","meta":[],"product_brand":[],"product_cat":[58],"product_tag":[],"class_list":{"0":"post-2010","1":"product","2":"type-product","3":"status-publish","4":"has-post-thumbnail","6":"product_cat-couteaux-outils","8":"first","9":"instock","10":"taxable","11":"shipping-taxable","12":"purchasable","13":"product-type-simple"},"_links":{"self":[{"href":"https:\/\/boutique.bunker-france.com\/index.php?rest_route=\/wp\/v2\/product\/2010","targetHints":{"allow":["GET"]}}],"collection":[{"href":"https:\/\/boutique.bunker-france.com\/index.php?rest_route=\/wp\/v2\/product"}],"about":[{"href":"https:\/\/boutique.bunker-france.com\/index.php?rest_route=\/wp\/v2\/types\/product"}],"replies":[{"embeddable":true,"href":"https:\/\/boutique.bunker-france.com\/index.php?rest_route=%2Fwp%2Fv2%2Fcomments&post=2010"}],"wp:featuredmedia":[{"embeddable":true,"href":"https:\/\/boutique.bunker-france.com\/index.php?rest_route=\/wp\/v2\/media\/1979"}],"wp:attachment":[{"href":"https:\/\/boutique.bunker-france.com\/index.php?rest_route=%2Fwp%2Fv2%2Fmedia&parent=2010"}],"wp:term":[{"taxonomy":"product_brand","embeddable":true,"href":"https:\/\/boutique.bunker-france.com\/index.php?rest_route=%2Fwp%2Fv2%2Fproduct_brand&post=2010"},{"taxonomy":"product_cat","embeddable":true,"href":"https:\/\/boutique.bunker-france.com\/index.php?rest_route=%2Fwp%2Fv2%2Fproduct_cat&post=2010"},{"taxonomy":"product_tag","embeddable":true,"href":"https:\/\/boutique.bunker-france.com\/index.php?rest_route=%2Fwp%2Fv2%2Fproduct_tag&post=2010"}],"curies":[{"name":"wp","href":"https:\/\/api.w.org\/{rel}","templated":true}]}}