{"id":2008,"date":"2026-04-07T23:34:26","date_gmt":"2026-04-07T21:34:26","guid":{"rendered":"https:\/\/boutique.bunker-france.com\/?product=couteau-bushcraft-orange-2"},"modified":"2026-04-07T23:34:26","modified_gmt":"2026-04-07T21:34:26","slug":"couteau-bushcraft-orange-2","status":"publish","type":"product","link":"https:\/\/boutique.bunker-france.com\/?product=couteau-bushcraft-orange-2","title":{"rendered":"Couteau Bushcraft Orange"},"content":{"rendered":"<p>Ce couteau Bushcraft Orange, mod\u00e8le TK04, est un outil robuste et tranchant, id\u00e9al pour les activit\u00e9s en ext\u00e9rieur comme le bushcraft, la randonn\u00e9e ou la survie. Il est dot\u00e9 d&rsquo;une lame en acier D2 d&rsquo;une duret\u00e9 de 59-61HRC et d&rsquo;un manche en G10, offrant une excellente prise en main. Sa longueur totale est de 20 cm. Ce produit est vendu \u00e0 des fins utilitaires uniquement. Il b\u00e9n\u00e9ficie de la livraison offerte, d&rsquo;un support rapide et d&rsquo;une politique de retours de 30 jours.<\/p>\n","protected":false},"excerpt":{"rendered":"<p>Ce couteau Bushcraft Orange, mod\u00e8le TK04, est un outil robuste et tranchant, id\u00e9al pour les activit\u00e9s en ext\u00e9rieur comme le bushcraft, la randonn\u00e9e ou la survie. Il est dot\u00e9 d&rsquo;une lame en acier D2 d&rsquo;une duret\u00e9 de 59-61HRC et d&rsquo;un manche en G10, offrant une excellente prise en main. Sa longueur totale est de 20<\/p>\n<div class=\"more-link\">\n             <a href=\"https:\/\/boutique.bunker-france.com\/?product=couteau-bushcraft-orange-2\" class=\"theme-btn\"><span>Continue Reading <\/span><i class=\"bi bi-arrow-right\"><\/i><\/a>\n        <\/div>\n","protected":false},"featured_media":1977,"comment_status":"open","ping_status":"closed","template":"","meta":[],"product_brand":[],"product_cat":[58],"product_tag":[],"class_list":{"0":"post-2008","1":"product","2":"type-product","3":"status-publish","4":"has-post-thumbnail","6":"product_cat-couteaux-outils","8":"first","9":"instock","10":"taxable","11":"shipping-taxable","12":"purchasable","13":"product-type-simple"},"_links":{"self":[{"href":"https:\/\/boutique.bunker-france.com\/index.php?rest_route=\/wp\/v2\/product\/2008","targetHints":{"allow":["GET"]}}],"collection":[{"href":"https:\/\/boutique.bunker-france.com\/index.php?rest_route=\/wp\/v2\/product"}],"about":[{"href":"https:\/\/boutique.bunker-france.com\/index.php?rest_route=\/wp\/v2\/types\/product"}],"replies":[{"embeddable":true,"href":"https:\/\/boutique.bunker-france.com\/index.php?rest_route=%2Fwp%2Fv2%2Fcomments&post=2008"}],"wp:featuredmedia":[{"embeddable":true,"href":"https:\/\/boutique.bunker-france.com\/index.php?rest_route=\/wp\/v2\/media\/1977"}],"wp:attachment":[{"href":"https:\/\/boutique.bunker-france.com\/index.php?rest_route=%2Fwp%2Fv2%2Fmedia&parent=2008"}],"wp:term":[{"taxonomy":"product_brand","embeddable":true,"href":"https:\/\/boutique.bunker-france.com\/index.php?rest_route=%2Fwp%2Fv2%2Fproduct_brand&post=2008"},{"taxonomy":"product_cat","embeddable":true,"href":"https:\/\/boutique.bunker-france.com\/index.php?rest_route=%2Fwp%2Fv2%2Fproduct_cat&post=2008"},{"taxonomy":"product_tag","embeddable":true,"href":"https:\/\/boutique.bunker-france.com\/index.php?rest_route=%2Fwp%2Fv2%2Fproduct_tag&post=2008"}],"curies":[{"name":"wp","href":"https:\/\/api.w.org\/{rel}","templated":true}]}}