{"id":2005,"date":"2026-04-07T23:34:25","date_gmt":"2026-04-07T21:34:25","guid":{"rendered":"https:\/\/boutique.bunker-france.com\/?product=couteau-manche-bois-survie-2"},"modified":"2026-04-07T23:34:26","modified_gmt":"2026-04-07T21:34:26","slug":"couteau-manche-bois-survie-2","status":"publish","type":"product","link":"https:\/\/boutique.bunker-france.com\/?product=couteau-manche-bois-survie-2","title":{"rendered":"Couteau Manche Bois Survie"},"content":{"rendered":"<p>Longueur totale : 18 cm (7.1 pouces)<br \/>\nLongueur de la lame : 8.3 cm (3.26 pouces)<br \/>\nLongueur de la poign\u00e9e : 9.9 cm (3.89 pouces)<br \/>\n\u00c9paisseur de la poign\u00e9e : 1.4 cm (0.55 pouces)<\/p>\n","protected":false},"excerpt":{"rendered":"<p>Longueur totale : 18 cm (7.1 pouces) Longueur de la lame : 8.3 cm (3.26 pouces) Longueur de la poign\u00e9e : 9.9 cm (3.89 pouces) \u00c9paisseur de la poign\u00e9e : 1.4 cm (0.55 pouces)<\/p>\n","protected":false},"featured_media":1969,"comment_status":"open","ping_status":"closed","template":"","meta":[],"product_brand":[],"product_cat":[58],"product_tag":[],"class_list":{"0":"post-2005","1":"product","2":"type-product","3":"status-publish","4":"has-post-thumbnail","6":"product_cat-couteaux-outils","8":"first","9":"instock","10":"taxable","11":"shipping-taxable","12":"purchasable","13":"product-type-simple"},"_links":{"self":[{"href":"https:\/\/boutique.bunker-france.com\/index.php?rest_route=\/wp\/v2\/product\/2005","targetHints":{"allow":["GET"]}}],"collection":[{"href":"https:\/\/boutique.bunker-france.com\/index.php?rest_route=\/wp\/v2\/product"}],"about":[{"href":"https:\/\/boutique.bunker-france.com\/index.php?rest_route=\/wp\/v2\/types\/product"}],"replies":[{"embeddable":true,"href":"https:\/\/boutique.bunker-france.com\/index.php?rest_route=%2Fwp%2Fv2%2Fcomments&post=2005"}],"wp:featuredmedia":[{"embeddable":true,"href":"https:\/\/boutique.bunker-france.com\/index.php?rest_route=\/wp\/v2\/media\/1969"}],"wp:attachment":[{"href":"https:\/\/boutique.bunker-france.com\/index.php?rest_route=%2Fwp%2Fv2%2Fmedia&parent=2005"}],"wp:term":[{"taxonomy":"product_brand","embeddable":true,"href":"https:\/\/boutique.bunker-france.com\/index.php?rest_route=%2Fwp%2Fv2%2Fproduct_brand&post=2005"},{"taxonomy":"product_cat","embeddable":true,"href":"https:\/\/boutique.bunker-france.com\/index.php?rest_route=%2Fwp%2Fv2%2Fproduct_cat&post=2005"},{"taxonomy":"product_tag","embeddable":true,"href":"https:\/\/boutique.bunker-france.com\/index.php?rest_route=%2Fwp%2Fv2%2Fproduct_tag&post=2005"}],"curies":[{"name":"wp","href":"https:\/\/api.w.org\/{rel}","templated":true}]}}