{"id":2000,"date":"2026-04-07T23:34:25","date_gmt":"2026-04-07T21:34:25","guid":{"rendered":"https:\/\/boutique.bunker-france.com\/?product=couteau-de-survie-style-chasse-2"},"modified":"2026-04-07T23:34:25","modified_gmt":"2026-04-07T21:34:25","slug":"couteau-de-survie-style-chasse-2","status":"publish","type":"product","link":"https:\/\/boutique.bunker-france.com\/?product=couteau-de-survie-style-chasse-2","title":{"rendered":"Couteau de Survie Style Chasse"},"content":{"rendered":"<p>\ud83d\udd2aLame Aiguis\u00e9e Rasoir<br \/>\nLongueur totale : 21cm<br \/>\nMat\u00e9riau de la lame : Acier 5CR15MOV<br \/>\nMat\u00e9riau de la poign\u00e9e : Faux ivoire<br \/>\nDuret\u00e9 : 57-59HRC<br \/>\nLongueur de la lame : 9cm<br \/>\nLongueur de la poign\u00e9e :&#8230;&#8230;<\/p>\n","protected":false},"excerpt":{"rendered":"<p>\ud83d\udd2aLame Aiguis\u00e9e Rasoir Longueur totale : 21cm Mat\u00e9riau de la lame : Acier 5CR15MOV Mat\u00e9riau de la poign\u00e9e : Faux ivoire Duret\u00e9 : 57-59HRC Longueur de la lame : 9cm Longueur de la poign\u00e9e :&#8230;&#8230;<\/p>\n","protected":false},"featured_media":1953,"comment_status":"open","ping_status":"closed","template":"","meta":[],"product_brand":[],"product_cat":[58],"product_tag":[],"class_list":{"0":"post-2000","1":"product","2":"type-product","3":"status-publish","4":"has-post-thumbnail","6":"product_cat-couteaux-outils","8":"first","9":"instock","10":"taxable","11":"shipping-taxable","12":"purchasable","13":"product-type-simple"},"_links":{"self":[{"href":"https:\/\/boutique.bunker-france.com\/index.php?rest_route=\/wp\/v2\/product\/2000","targetHints":{"allow":["GET"]}}],"collection":[{"href":"https:\/\/boutique.bunker-france.com\/index.php?rest_route=\/wp\/v2\/product"}],"about":[{"href":"https:\/\/boutique.bunker-france.com\/index.php?rest_route=\/wp\/v2\/types\/product"}],"replies":[{"embeddable":true,"href":"https:\/\/boutique.bunker-france.com\/index.php?rest_route=%2Fwp%2Fv2%2Fcomments&post=2000"}],"wp:featuredmedia":[{"embeddable":true,"href":"https:\/\/boutique.bunker-france.com\/index.php?rest_route=\/wp\/v2\/media\/1953"}],"wp:attachment":[{"href":"https:\/\/boutique.bunker-france.com\/index.php?rest_route=%2Fwp%2Fv2%2Fmedia&parent=2000"}],"wp:term":[{"taxonomy":"product_brand","embeddable":true,"href":"https:\/\/boutique.bunker-france.com\/index.php?rest_route=%2Fwp%2Fv2%2Fproduct_brand&post=2000"},{"taxonomy":"product_cat","embeddable":true,"href":"https:\/\/boutique.bunker-france.com\/index.php?rest_route=%2Fwp%2Fv2%2Fproduct_cat&post=2000"},{"taxonomy":"product_tag","embeddable":true,"href":"https:\/\/boutique.bunker-france.com\/index.php?rest_route=%2Fwp%2Fv2%2Fproduct_tag&post=2000"}],"curies":[{"name":"wp","href":"https:\/\/api.w.org\/{rel}","templated":true}]}}