{"id":1999,"date":"2026-04-07T23:34:25","date_gmt":"2026-04-07T21:34:25","guid":{"rendered":"https:\/\/boutique.bunker-france.com\/?product=couteau-robuste-a-lame-fixe-surive-2"},"modified":"2026-04-07T23:34:25","modified_gmt":"2026-04-07T21:34:25","slug":"couteau-robuste-a-lame-fixe-surive-2","status":"publish","type":"product","link":"https:\/\/boutique.bunker-france.com\/?product=couteau-robuste-a-lame-fixe-surive-2","title":{"rendered":"Couteau robuste \u00e0 lame fixe Surive"},"content":{"rendered":"<p>Ce couteau robuste \u00e0 lame fixe est id\u00e9al pour les activit\u00e9s de survie et de bushcraft. Il est dot\u00e9 d&rsquo;une lame tranchante de 9 cm et d&rsquo;une longueur totale de 20,5 cm, offrant une prise en main confortable gr\u00e2ce \u00e0 son manche de 11,5 cm. Son angle de lame est inf\u00e9rieur ou \u00e9gal \u00e0 60 degr\u00e9s. Il est con\u00e7u pour \u00eatre r\u00e9sistant et fiable dans diverses situations en ext\u00e9rieur.<\/p>\n","protected":false},"excerpt":{"rendered":"<p>Ce couteau robuste \u00e0 lame fixe est id\u00e9al pour les activit\u00e9s de survie et de bushcraft. Il est dot\u00e9 d&rsquo;une lame tranchante de 9 cm et d&rsquo;une longueur totale de 20,5 cm, offrant une prise en main confortable gr\u00e2ce \u00e0 son manche de 11,5 cm. Son angle de lame est inf\u00e9rieur ou \u00e9gal \u00e0 60<\/p>\n<div class=\"more-link\">\n             <a href=\"https:\/\/boutique.bunker-france.com\/?product=couteau-robuste-a-lame-fixe-surive-2\" class=\"theme-btn\"><span>Continue Reading <\/span><i class=\"bi bi-arrow-right\"><\/i><\/a>\n        <\/div>\n","protected":false},"featured_media":1951,"comment_status":"open","ping_status":"closed","template":"","meta":[],"product_brand":[],"product_cat":[58],"product_tag":[],"class_list":{"0":"post-1999","1":"product","2":"type-product","3":"status-publish","4":"has-post-thumbnail","6":"product_cat-couteaux-outils","8":"first","9":"instock","10":"taxable","11":"shipping-taxable","12":"purchasable","13":"product-type-simple"},"_links":{"self":[{"href":"https:\/\/boutique.bunker-france.com\/index.php?rest_route=\/wp\/v2\/product\/1999","targetHints":{"allow":["GET"]}}],"collection":[{"href":"https:\/\/boutique.bunker-france.com\/index.php?rest_route=\/wp\/v2\/product"}],"about":[{"href":"https:\/\/boutique.bunker-france.com\/index.php?rest_route=\/wp\/v2\/types\/product"}],"replies":[{"embeddable":true,"href":"https:\/\/boutique.bunker-france.com\/index.php?rest_route=%2Fwp%2Fv2%2Fcomments&post=1999"}],"wp:featuredmedia":[{"embeddable":true,"href":"https:\/\/boutique.bunker-france.com\/index.php?rest_route=\/wp\/v2\/media\/1951"}],"wp:attachment":[{"href":"https:\/\/boutique.bunker-france.com\/index.php?rest_route=%2Fwp%2Fv2%2Fmedia&parent=1999"}],"wp:term":[{"taxonomy":"product_brand","embeddable":true,"href":"https:\/\/boutique.bunker-france.com\/index.php?rest_route=%2Fwp%2Fv2%2Fproduct_brand&post=1999"},{"taxonomy":"product_cat","embeddable":true,"href":"https:\/\/boutique.bunker-france.com\/index.php?rest_route=%2Fwp%2Fv2%2Fproduct_cat&post=1999"},{"taxonomy":"product_tag","embeddable":true,"href":"https:\/\/boutique.bunker-france.com\/index.php?rest_route=%2Fwp%2Fv2%2Fproduct_tag&post=1999"}],"curies":[{"name":"wp","href":"https:\/\/api.w.org\/{rel}","templated":true}]}}