{"id":1998,"date":"2026-04-07T23:34:25","date_gmt":"2026-04-07T21:34:25","guid":{"rendered":"https:\/\/boutique.bunker-france.com\/?product=couteau-pliant-coquille-dormeau-2"},"modified":"2026-04-07T23:34:25","modified_gmt":"2026-04-07T21:34:25","slug":"couteau-pliant-coquille-dormeau-2","status":"publish","type":"product","link":"https:\/\/boutique.bunker-france.com\/?product=couteau-pliant-coquille-dormeau-2","title":{"rendered":"Couteau Pliant Coquille d&rsquo;ormeau"},"content":{"rendered":"<p>Ce couteau pliant est dot\u00e9 d&rsquo;une lame en acier Damas VG10 et d&rsquo;un manche en coquille d&rsquo;Abalone et bois de Santal. Il a une longueur totale de 20 cm et une duret\u00e9 de 55-57HRC. Livr\u00e9 dans une bo\u00eete cadeau, il est id\u00e9al pour les sorties en for\u00eat, la randonn\u00e9e, la cuisine en ext\u00e9rieur ou la construction d&rsquo;abris. Il est robuste, tr\u00e8s tranchant et offre un excellent rapport qualit\u00e9-prix. Le produit b\u00e9n\u00e9ficie de la livraison offerte, d&rsquo;un support rapide et de retours possibles sous 30 jours.<\/p>\n","protected":false},"excerpt":{"rendered":"<p>Ce couteau pliant est dot\u00e9 d&rsquo;une lame en acier Damas VG10 et d&rsquo;un manche en coquille d&rsquo;Abalone et bois de Santal. Il a une longueur totale de 20 cm et une duret\u00e9 de 55-57HRC. Livr\u00e9 dans une bo\u00eete cadeau, il est id\u00e9al pour les sorties en for\u00eat, la randonn\u00e9e, la cuisine en ext\u00e9rieur ou la<\/p>\n<div class=\"more-link\">\n             <a href=\"https:\/\/boutique.bunker-france.com\/?product=couteau-pliant-coquille-dormeau-2\" class=\"theme-btn\"><span>Continue Reading <\/span><i class=\"bi bi-arrow-right\"><\/i><\/a>\n        <\/div>\n","protected":false},"featured_media":1935,"comment_status":"open","ping_status":"closed","template":"","meta":[],"product_brand":[],"product_cat":[58],"product_tag":[],"class_list":{"0":"post-1998","1":"product","2":"type-product","3":"status-publish","4":"has-post-thumbnail","6":"product_cat-couteaux-outils","8":"first","9":"instock","10":"taxable","11":"shipping-taxable","12":"purchasable","13":"product-type-simple"},"_links":{"self":[{"href":"https:\/\/boutique.bunker-france.com\/index.php?rest_route=\/wp\/v2\/product\/1998","targetHints":{"allow":["GET"]}}],"collection":[{"href":"https:\/\/boutique.bunker-france.com\/index.php?rest_route=\/wp\/v2\/product"}],"about":[{"href":"https:\/\/boutique.bunker-france.com\/index.php?rest_route=\/wp\/v2\/types\/product"}],"replies":[{"embeddable":true,"href":"https:\/\/boutique.bunker-france.com\/index.php?rest_route=%2Fwp%2Fv2%2Fcomments&post=1998"}],"wp:featuredmedia":[{"embeddable":true,"href":"https:\/\/boutique.bunker-france.com\/index.php?rest_route=\/wp\/v2\/media\/1935"}],"wp:attachment":[{"href":"https:\/\/boutique.bunker-france.com\/index.php?rest_route=%2Fwp%2Fv2%2Fmedia&parent=1998"}],"wp:term":[{"taxonomy":"product_brand","embeddable":true,"href":"https:\/\/boutique.bunker-france.com\/index.php?rest_route=%2Fwp%2Fv2%2Fproduct_brand&post=1998"},{"taxonomy":"product_cat","embeddable":true,"href":"https:\/\/boutique.bunker-france.com\/index.php?rest_route=%2Fwp%2Fv2%2Fproduct_cat&post=1998"},{"taxonomy":"product_tag","embeddable":true,"href":"https:\/\/boutique.bunker-france.com\/index.php?rest_route=%2Fwp%2Fv2%2Fproduct_tag&post=1998"}],"curies":[{"name":"wp","href":"https:\/\/api.w.org\/{rel}","templated":true}]}}