{"id":1996,"date":"2026-04-07T23:34:25","date_gmt":"2026-04-07T21:34:25","guid":{"rendered":"https:\/\/boutique.bunker-france.com\/?product=couteau-de-chasse-droit-2"},"modified":"2026-04-07T23:34:25","modified_gmt":"2026-04-07T21:34:25","slug":"couteau-de-chasse-droit-2","status":"publish","type":"product","link":"https:\/\/boutique.bunker-france.com\/?product=couteau-de-chasse-droit-2","title":{"rendered":"Couteau de Chasse Droit"},"content":{"rendered":"<p>Ce couteau de chasse droit est un outil robuste et tranchant, id\u00e9al pour les activit\u00e9s en for\u00eat, la randonn\u00e9e, la cuisine en ext\u00e9rieur, l&rsquo;allumage de feu ou la construction d&rsquo;abris. Sa lame droite est tr\u00e8s r\u00e9sistante et coupante, et son grip offre une excellente prise en main. Il est \u00e9galement appr\u00e9ci\u00e9 pour sa qualit\u00e9 de fabrication et sa livraison rapide. Angle de la lame : \u2264 60\u00b0.<\/p>\n","protected":false},"excerpt":{"rendered":"<p>Ce couteau de chasse droit est un outil robuste et tranchant, id\u00e9al pour les activit\u00e9s en for\u00eat, la randonn\u00e9e, la cuisine en ext\u00e9rieur, l&rsquo;allumage de feu ou la construction d&rsquo;abris. Sa lame droite est tr\u00e8s r\u00e9sistante et coupante, et son grip offre une excellente prise en main. Il est \u00e9galement appr\u00e9ci\u00e9 pour sa qualit\u00e9 de<\/p>\n<div class=\"more-link\">\n             <a href=\"https:\/\/boutique.bunker-france.com\/?product=couteau-de-chasse-droit-2\" class=\"theme-btn\"><span>Continue Reading <\/span><i class=\"bi bi-arrow-right\"><\/i><\/a>\n        <\/div>\n","protected":false},"featured_media":1923,"comment_status":"open","ping_status":"closed","template":"","meta":[],"product_brand":[],"product_cat":[58],"product_tag":[],"class_list":{"0":"post-1996","1":"product","2":"type-product","3":"status-publish","4":"has-post-thumbnail","6":"product_cat-couteaux-outils","8":"first","9":"instock","10":"taxable","11":"shipping-taxable","12":"purchasable","13":"product-type-simple"},"_links":{"self":[{"href":"https:\/\/boutique.bunker-france.com\/index.php?rest_route=\/wp\/v2\/product\/1996","targetHints":{"allow":["GET"]}}],"collection":[{"href":"https:\/\/boutique.bunker-france.com\/index.php?rest_route=\/wp\/v2\/product"}],"about":[{"href":"https:\/\/boutique.bunker-france.com\/index.php?rest_route=\/wp\/v2\/types\/product"}],"replies":[{"embeddable":true,"href":"https:\/\/boutique.bunker-france.com\/index.php?rest_route=%2Fwp%2Fv2%2Fcomments&post=1996"}],"wp:featuredmedia":[{"embeddable":true,"href":"https:\/\/boutique.bunker-france.com\/index.php?rest_route=\/wp\/v2\/media\/1923"}],"wp:attachment":[{"href":"https:\/\/boutique.bunker-france.com\/index.php?rest_route=%2Fwp%2Fv2%2Fmedia&parent=1996"}],"wp:term":[{"taxonomy":"product_brand","embeddable":true,"href":"https:\/\/boutique.bunker-france.com\/index.php?rest_route=%2Fwp%2Fv2%2Fproduct_brand&post=1996"},{"taxonomy":"product_cat","embeddable":true,"href":"https:\/\/boutique.bunker-france.com\/index.php?rest_route=%2Fwp%2Fv2%2Fproduct_cat&post=1996"},{"taxonomy":"product_tag","embeddable":true,"href":"https:\/\/boutique.bunker-france.com\/index.php?rest_route=%2Fwp%2Fv2%2Fproduct_tag&post=1996"}],"curies":[{"name":"wp","href":"https:\/\/api.w.org\/{rel}","templated":true}]}}