{"id":1994,"date":"2026-04-07T23:34:24","date_gmt":"2026-04-07T21:34:24","guid":{"rendered":"https:\/\/boutique.bunker-france.com\/?product=couteau-bushcraft-edc-bois-2"},"modified":"2026-04-07T23:34:24","modified_gmt":"2026-04-07T21:34:24","slug":"couteau-bushcraft-edc-bois-2","status":"publish","type":"product","link":"https:\/\/boutique.bunker-france.com\/?product=couteau-bushcraft-edc-bois-2","title":{"rendered":"Couteau Bushcraft EDC Bois"},"content":{"rendered":"<p>Ce couteau Bushcraft EDC en bois est un outil robuste et tranchant, id\u00e9al pour les activit\u00e9s en for\u00eat, la randonn\u00e9e, la cuisine en ext\u00e9rieur, l&rsquo;allumage de feux ou la construction d&rsquo;abris. Il est dot\u00e9 d&rsquo;une lame droite super r\u00e9sistante et d&rsquo;un excellent grip. Ses dimensions sont : longueur totale de 17cm et longueur de la lame de 8cm. Il est appr\u00e9ci\u00e9 pour son excellent rapport qualit\u00e9-prix et sa polyvalence.<\/p>\n","protected":false},"excerpt":{"rendered":"<p>Ce couteau Bushcraft EDC en bois est un outil robuste et tranchant, id\u00e9al pour les activit\u00e9s en for\u00eat, la randonn\u00e9e, la cuisine en ext\u00e9rieur, l&rsquo;allumage de feux ou la construction d&rsquo;abris. Il est dot\u00e9 d&rsquo;une lame droite super r\u00e9sistante et d&rsquo;un excellent grip. Ses dimensions sont : longueur totale de 17cm et longueur de la<\/p>\n<div class=\"more-link\">\n             <a href=\"https:\/\/boutique.bunker-france.com\/?product=couteau-bushcraft-edc-bois-2\" class=\"theme-btn\"><span>Continue Reading <\/span><i class=\"bi bi-arrow-right\"><\/i><\/a>\n        <\/div>\n","protected":false},"featured_media":1919,"comment_status":"open","ping_status":"closed","template":"","meta":[],"product_brand":[],"product_cat":[58],"product_tag":[],"class_list":{"0":"post-1994","1":"product","2":"type-product","3":"status-publish","4":"has-post-thumbnail","6":"product_cat-couteaux-outils","8":"first","9":"instock","10":"taxable","11":"shipping-taxable","12":"purchasable","13":"product-type-simple"},"_links":{"self":[{"href":"https:\/\/boutique.bunker-france.com\/index.php?rest_route=\/wp\/v2\/product\/1994","targetHints":{"allow":["GET"]}}],"collection":[{"href":"https:\/\/boutique.bunker-france.com\/index.php?rest_route=\/wp\/v2\/product"}],"about":[{"href":"https:\/\/boutique.bunker-france.com\/index.php?rest_route=\/wp\/v2\/types\/product"}],"replies":[{"embeddable":true,"href":"https:\/\/boutique.bunker-france.com\/index.php?rest_route=%2Fwp%2Fv2%2Fcomments&post=1994"}],"wp:featuredmedia":[{"embeddable":true,"href":"https:\/\/boutique.bunker-france.com\/index.php?rest_route=\/wp\/v2\/media\/1919"}],"wp:attachment":[{"href":"https:\/\/boutique.bunker-france.com\/index.php?rest_route=%2Fwp%2Fv2%2Fmedia&parent=1994"}],"wp:term":[{"taxonomy":"product_brand","embeddable":true,"href":"https:\/\/boutique.bunker-france.com\/index.php?rest_route=%2Fwp%2Fv2%2Fproduct_brand&post=1994"},{"taxonomy":"product_cat","embeddable":true,"href":"https:\/\/boutique.bunker-france.com\/index.php?rest_route=%2Fwp%2Fv2%2Fproduct_cat&post=1994"},{"taxonomy":"product_tag","embeddable":true,"href":"https:\/\/boutique.bunker-france.com\/index.php?rest_route=%2Fwp%2Fv2%2Fproduct_tag&post=1994"}],"curies":[{"name":"wp","href":"https:\/\/api.w.org\/{rel}","templated":true}]}}