{"id":1991,"date":"2026-04-07T23:34:24","date_gmt":"2026-04-07T21:34:24","guid":{"rendered":"https:\/\/boutique.bunker-france.com\/?product=couteau-edc-bushcraft-2"},"modified":"2026-04-07T23:34:24","modified_gmt":"2026-04-07T21:34:24","slug":"couteau-edc-bushcraft-2","status":"publish","type":"product","link":"https:\/\/boutique.bunker-france.com\/?product=couteau-edc-bushcraft-2","title":{"rendered":"Couteau EDC Bushcraft"},"content":{"rendered":"<p>\ud83d\udd2aLame Aiguis\u00e9e Rasoir<br \/>\nLongueur totale : 214mm<br \/>\nLongueur de la lame : 97mm<br \/>\nLongueur de la poign\u00e9e : 117mm<br \/>\nMat\u00e9riau de la lame : 3Cr13<br \/>\nMat\u00e9riau de la poign\u00e9e : Acier inoxydable + caoutchouc<br \/>\nPoids&#8230;&#8230;<\/p>\n","protected":false},"excerpt":{"rendered":"<p>\ud83d\udd2aLame Aiguis\u00e9e Rasoir Longueur totale : 214mm Longueur de la lame : 97mm Longueur de la poign\u00e9e : 117mm Mat\u00e9riau de la lame : 3Cr13 Mat\u00e9riau de la poign\u00e9e : Acier inoxydable + caoutchouc Poids&#8230;&#8230;<\/p>\n","protected":false},"featured_media":1905,"comment_status":"open","ping_status":"closed","template":"","meta":[],"product_brand":[],"product_cat":[58],"product_tag":[],"class_list":{"0":"post-1991","1":"product","2":"type-product","3":"status-publish","4":"has-post-thumbnail","6":"product_cat-couteaux-outils","8":"first","9":"instock","10":"taxable","11":"shipping-taxable","12":"purchasable","13":"product-type-simple"},"_links":{"self":[{"href":"https:\/\/boutique.bunker-france.com\/index.php?rest_route=\/wp\/v2\/product\/1991","targetHints":{"allow":["GET"]}}],"collection":[{"href":"https:\/\/boutique.bunker-france.com\/index.php?rest_route=\/wp\/v2\/product"}],"about":[{"href":"https:\/\/boutique.bunker-france.com\/index.php?rest_route=\/wp\/v2\/types\/product"}],"replies":[{"embeddable":true,"href":"https:\/\/boutique.bunker-france.com\/index.php?rest_route=%2Fwp%2Fv2%2Fcomments&post=1991"}],"wp:featuredmedia":[{"embeddable":true,"href":"https:\/\/boutique.bunker-france.com\/index.php?rest_route=\/wp\/v2\/media\/1905"}],"wp:attachment":[{"href":"https:\/\/boutique.bunker-france.com\/index.php?rest_route=%2Fwp%2Fv2%2Fmedia&parent=1991"}],"wp:term":[{"taxonomy":"product_brand","embeddable":true,"href":"https:\/\/boutique.bunker-france.com\/index.php?rest_route=%2Fwp%2Fv2%2Fproduct_brand&post=1991"},{"taxonomy":"product_cat","embeddable":true,"href":"https:\/\/boutique.bunker-france.com\/index.php?rest_route=%2Fwp%2Fv2%2Fproduct_cat&post=1991"},{"taxonomy":"product_tag","embeddable":true,"href":"https:\/\/boutique.bunker-france.com\/index.php?rest_route=%2Fwp%2Fv2%2Fproduct_tag&post=1991"}],"curies":[{"name":"wp","href":"https:\/\/api.w.org\/{rel}","templated":true}]}}