{"id":1980,"date":"2026-04-07T23:29:15","date_gmt":"2026-04-07T21:29:15","guid":{"rendered":"https:\/\/boutique.bunker-france.com\/?product=couteau-survie-droit-rambo"},"modified":"2026-04-07T23:29:15","modified_gmt":"2026-04-07T21:29:15","slug":"couteau-survie-droit-rambo","status":"publish","type":"product","link":"https:\/\/boutique.bunker-france.com\/?product=couteau-survie-droit-rambo","title":{"rendered":"Couteau Survie Droit Rambo"},"content":{"rendered":"<p>Ce couteau de survie Rambo est un couteau \u00e0 lame fixe, id\u00e9al pour les activit\u00e9s en ext\u00e9rieur. Il est robuste et tranchant, parfait pour les sorties en for\u00eat, la randonn\u00e9e, couper du bois ou de la corde, et m\u00eame pour des t\u00e2ches comme allumer un feu ou construire un abri. Son manche offre une tr\u00e8s bonne prise en main. Il est appr\u00e9ci\u00e9 pour son excellent rapport qualit\u00e9-prix et sa qualit\u00e9 de lame impressionnante.<\/p>\n<p>Caract\u00e9ristiques:<br \/>\n&#8211; Type de couteau: Couteau \u00e0 lame fixe<br \/>\n&#8211; Longueur totale: 20cm<br \/>\n&#8211; Longueur de la lame: 9cm<br \/>\n&#8211; Longueur du manche: 10cm<br \/>\n&#8211; Largeur de la lame: 3.2cm<\/p>\n","protected":false},"excerpt":{"rendered":"<p>Ce couteau de survie Rambo est un couteau \u00e0 lame fixe, id\u00e9al pour les activit\u00e9s en ext\u00e9rieur. Il est robuste et tranchant, parfait pour les sorties en for\u00eat, la randonn\u00e9e, couper du bois ou de la corde, et m\u00eame pour des t\u00e2ches comme allumer un feu ou construire un abri. Son manche offre une tr\u00e8s<\/p>\n<div class=\"more-link\">\n             <a href=\"https:\/\/boutique.bunker-france.com\/?product=couteau-survie-droit-rambo\" class=\"theme-btn\"><span>Continue Reading <\/span><i class=\"bi bi-arrow-right\"><\/i><\/a>\n        <\/div>\n","protected":false},"featured_media":1979,"comment_status":"open","ping_status":"closed","template":"","meta":[],"product_brand":[],"product_cat":[58],"product_tag":[],"class_list":{"0":"post-1980","1":"product","2":"type-product","3":"status-publish","4":"has-post-thumbnail","6":"product_cat-couteaux-outils","8":"first","9":"instock","10":"taxable","11":"shipping-taxable","12":"purchasable","13":"product-type-simple"},"_links":{"self":[{"href":"https:\/\/boutique.bunker-france.com\/index.php?rest_route=\/wp\/v2\/product\/1980","targetHints":{"allow":["GET"]}}],"collection":[{"href":"https:\/\/boutique.bunker-france.com\/index.php?rest_route=\/wp\/v2\/product"}],"about":[{"href":"https:\/\/boutique.bunker-france.com\/index.php?rest_route=\/wp\/v2\/types\/product"}],"replies":[{"embeddable":true,"href":"https:\/\/boutique.bunker-france.com\/index.php?rest_route=%2Fwp%2Fv2%2Fcomments&post=1980"}],"wp:featuredmedia":[{"embeddable":true,"href":"https:\/\/boutique.bunker-france.com\/index.php?rest_route=\/wp\/v2\/media\/1979"}],"wp:attachment":[{"href":"https:\/\/boutique.bunker-france.com\/index.php?rest_route=%2Fwp%2Fv2%2Fmedia&parent=1980"}],"wp:term":[{"taxonomy":"product_brand","embeddable":true,"href":"https:\/\/boutique.bunker-france.com\/index.php?rest_route=%2Fwp%2Fv2%2Fproduct_brand&post=1980"},{"taxonomy":"product_cat","embeddable":true,"href":"https:\/\/boutique.bunker-france.com\/index.php?rest_route=%2Fwp%2Fv2%2Fproduct_cat&post=1980"},{"taxonomy":"product_tag","embeddable":true,"href":"https:\/\/boutique.bunker-france.com\/index.php?rest_route=%2Fwp%2Fv2%2Fproduct_tag&post=1980"}],"curies":[{"name":"wp","href":"https:\/\/api.w.org\/{rel}","templated":true}]}}