{"id":1978,"date":"2026-04-07T23:29:15","date_gmt":"2026-04-07T21:29:15","guid":{"rendered":"https:\/\/boutique.bunker-france.com\/?product=couteau-bushcraft-orange"},"modified":"2026-04-07T23:29:15","modified_gmt":"2026-04-07T21:29:15","slug":"couteau-bushcraft-orange","status":"publish","type":"product","link":"https:\/\/boutique.bunker-france.com\/?product=couteau-bushcraft-orange","title":{"rendered":"Couteau Bushcraft Orange"},"content":{"rendered":"<p>Ce couteau Bushcraft Orange est un outil robuste et tr\u00e8s tranchant, parfait pour les sorties en for\u00eat et toutes vos aventures outdoor. Il est dot\u00e9 d&rsquo;une lame en acier D2 d&rsquo;une longueur totale de 20 cm et d&rsquo;une duret\u00e9 de 59-61HRC, garantissant une excellente r\u00e9sistance et un tranchant durable. Le manche en G10 offre un grip tr\u00e8s bon pour une prise en main s\u00e9curis\u00e9e. Ce produit est vendu \u00e0 des fins utilitaires uniquement. B\u00e9n\u00e9ficiez de la livraison offerte, d&rsquo;un support rapide et de retours possibles sous 30 jours.<\/p>\n","protected":false},"excerpt":{"rendered":"<p>Ce couteau Bushcraft Orange est un outil robuste et tr\u00e8s tranchant, parfait pour les sorties en for\u00eat et toutes vos aventures outdoor. Il est dot\u00e9 d&rsquo;une lame en acier D2 d&rsquo;une longueur totale de 20 cm et d&rsquo;une duret\u00e9 de 59-61HRC, garantissant une excellente r\u00e9sistance et un tranchant durable. Le manche en G10 offre un<\/p>\n<div class=\"more-link\">\n             <a href=\"https:\/\/boutique.bunker-france.com\/?product=couteau-bushcraft-orange\" class=\"theme-btn\"><span>Continue Reading <\/span><i class=\"bi bi-arrow-right\"><\/i><\/a>\n        <\/div>\n","protected":false},"featured_media":1977,"comment_status":"open","ping_status":"closed","template":"","meta":[],"product_brand":[],"product_cat":[58],"product_tag":[],"class_list":{"0":"post-1978","1":"product","2":"type-product","3":"status-publish","4":"has-post-thumbnail","6":"product_cat-couteaux-outils","8":"first","9":"instock","10":"taxable","11":"shipping-taxable","12":"purchasable","13":"product-type-simple"},"_links":{"self":[{"href":"https:\/\/boutique.bunker-france.com\/index.php?rest_route=\/wp\/v2\/product\/1978","targetHints":{"allow":["GET"]}}],"collection":[{"href":"https:\/\/boutique.bunker-france.com\/index.php?rest_route=\/wp\/v2\/product"}],"about":[{"href":"https:\/\/boutique.bunker-france.com\/index.php?rest_route=\/wp\/v2\/types\/product"}],"replies":[{"embeddable":true,"href":"https:\/\/boutique.bunker-france.com\/index.php?rest_route=%2Fwp%2Fv2%2Fcomments&post=1978"}],"wp:featuredmedia":[{"embeddable":true,"href":"https:\/\/boutique.bunker-france.com\/index.php?rest_route=\/wp\/v2\/media\/1977"}],"wp:attachment":[{"href":"https:\/\/boutique.bunker-france.com\/index.php?rest_route=%2Fwp%2Fv2%2Fmedia&parent=1978"}],"wp:term":[{"taxonomy":"product_brand","embeddable":true,"href":"https:\/\/boutique.bunker-france.com\/index.php?rest_route=%2Fwp%2Fv2%2Fproduct_brand&post=1978"},{"taxonomy":"product_cat","embeddable":true,"href":"https:\/\/boutique.bunker-france.com\/index.php?rest_route=%2Fwp%2Fv2%2Fproduct_cat&post=1978"},{"taxonomy":"product_tag","embeddable":true,"href":"https:\/\/boutique.bunker-france.com\/index.php?rest_route=%2Fwp%2Fv2%2Fproduct_tag&post=1978"}],"curies":[{"name":"wp","href":"https:\/\/api.w.org\/{rel}","templated":true}]}}