{"id":1976,"date":"2026-04-07T23:29:14","date_gmt":"2026-04-07T21:29:14","guid":{"rendered":"https:\/\/boutique.bunker-france.com\/?product=couteau-droit-bowie"},"modified":"2026-04-07T23:29:14","modified_gmt":"2026-04-07T21:29:14","slug":"couteau-droit-bowie","status":"publish","type":"product","link":"https:\/\/boutique.bunker-france.com\/?product=couteau-droit-bowie","title":{"rendered":"Couteau Droit Bowie"},"content":{"rendered":"<p>Longueur total: 21cm<br \/>\nLame: Damas VG10<br \/>\nPoign\u00e9e: R\u00e9sine<br \/>\nDuret\u00e9: 57-59HRC<br \/>\nLongueur Lame: 10cm<\/p>\n<p>*Ce produit est vendu \u00e0 des fins utilitaires uniquement et n&rsquo;est pas con\u00e7u pour \u00eatre utilis\u00e9 comme une arme. L&rsquo;acheteur s&rsquo;engage&#8230;&#8230;*<\/p>\n<p>Livraison Offerte<br \/>\nSupport Rapide<br \/>\nRetours 30 Jours<\/p>\n","protected":false},"excerpt":{"rendered":"<p>Longueur total: 21cm Lame: Damas VG10 Poign\u00e9e: R\u00e9sine Duret\u00e9: 57-59HRC Longueur Lame: 10cm *Ce produit est vendu \u00e0 des fins utilitaires uniquement et n&rsquo;est pas con\u00e7u pour \u00eatre utilis\u00e9 comme une arme. L&rsquo;acheteur s&rsquo;engage&#8230;&#8230;* Livraison Offerte Support Rapide Retours 30 Jours<\/p>\n","protected":false},"featured_media":1975,"comment_status":"open","ping_status":"closed","template":"","meta":[],"product_brand":[],"product_cat":[58],"product_tag":[],"class_list":{"0":"post-1976","1":"product","2":"type-product","3":"status-publish","4":"has-post-thumbnail","6":"product_cat-couteaux-outils","8":"first","9":"instock","10":"taxable","11":"shipping-taxable","12":"purchasable","13":"product-type-simple"},"_links":{"self":[{"href":"https:\/\/boutique.bunker-france.com\/index.php?rest_route=\/wp\/v2\/product\/1976","targetHints":{"allow":["GET"]}}],"collection":[{"href":"https:\/\/boutique.bunker-france.com\/index.php?rest_route=\/wp\/v2\/product"}],"about":[{"href":"https:\/\/boutique.bunker-france.com\/index.php?rest_route=\/wp\/v2\/types\/product"}],"replies":[{"embeddable":true,"href":"https:\/\/boutique.bunker-france.com\/index.php?rest_route=%2Fwp%2Fv2%2Fcomments&post=1976"}],"wp:featuredmedia":[{"embeddable":true,"href":"https:\/\/boutique.bunker-france.com\/index.php?rest_route=\/wp\/v2\/media\/1975"}],"wp:attachment":[{"href":"https:\/\/boutique.bunker-france.com\/index.php?rest_route=%2Fwp%2Fv2%2Fmedia&parent=1976"}],"wp:term":[{"taxonomy":"product_brand","embeddable":true,"href":"https:\/\/boutique.bunker-france.com\/index.php?rest_route=%2Fwp%2Fv2%2Fproduct_brand&post=1976"},{"taxonomy":"product_cat","embeddable":true,"href":"https:\/\/boutique.bunker-france.com\/index.php?rest_route=%2Fwp%2Fv2%2Fproduct_cat&post=1976"},{"taxonomy":"product_tag","embeddable":true,"href":"https:\/\/boutique.bunker-france.com\/index.php?rest_route=%2Fwp%2Fv2%2Fproduct_tag&post=1976"}],"curies":[{"name":"wp","href":"https:\/\/api.w.org\/{rel}","templated":true}]}}