{"id":1974,"date":"2026-04-07T23:29:13","date_gmt":"2026-04-07T21:29:13","guid":{"rendered":"https:\/\/boutique.bunker-france.com\/?product=couteau-de-poche-bushcraft-pliant"},"modified":"2026-04-07T23:29:13","modified_gmt":"2026-04-07T21:29:13","slug":"couteau-de-poche-bushcraft-pliant","status":"publish","type":"product","link":"https:\/\/boutique.bunker-france.com\/?product=couteau-de-poche-bushcraft-pliant","title":{"rendered":"Couteau de Poche Bushcraft Pliant"},"content":{"rendered":"<p>Ce couteau de poche Bushcraft pliant est un outil robuste et tranchant, id\u00e9al pour les sorties en for\u00eat, la randonn\u00e9e, la cuisine en ext\u00e9rieur, allumer un feu ou construire un abri. Il est dot\u00e9 d&rsquo;une lame en acier Damas VG10 de 7.5 cm et d&rsquo;un manche en r\u00e9sine, offrant une duret\u00e9 de 59-61HRC. Sa longueur totale est de 17 cm. Il est appr\u00e9ci\u00e9 pour sa qualit\u00e9, sa r\u00e9sistance et son excellent grip. Livr\u00e9 avec une livraison offerte, un support rapide et une politique de retours de 30 jours.<\/p>\n","protected":false},"excerpt":{"rendered":"<p>Ce couteau de poche Bushcraft pliant est un outil robuste et tranchant, id\u00e9al pour les sorties en for\u00eat, la randonn\u00e9e, la cuisine en ext\u00e9rieur, allumer un feu ou construire un abri. Il est dot\u00e9 d&rsquo;une lame en acier Damas VG10 de 7.5 cm et d&rsquo;un manche en r\u00e9sine, offrant une duret\u00e9 de 59-61HRC. Sa longueur<\/p>\n<div class=\"more-link\">\n             <a href=\"https:\/\/boutique.bunker-france.com\/?product=couteau-de-poche-bushcraft-pliant\" class=\"theme-btn\"><span>Continue Reading <\/span><i class=\"bi bi-arrow-right\"><\/i><\/a>\n        <\/div>\n","protected":false},"featured_media":1973,"comment_status":"open","ping_status":"closed","template":"","meta":[],"product_brand":[],"product_cat":[58],"product_tag":[],"class_list":{"0":"post-1974","1":"product","2":"type-product","3":"status-publish","4":"has-post-thumbnail","6":"product_cat-couteaux-outils","8":"first","9":"instock","10":"taxable","11":"shipping-taxable","12":"purchasable","13":"product-type-simple"},"_links":{"self":[{"href":"https:\/\/boutique.bunker-france.com\/index.php?rest_route=\/wp\/v2\/product\/1974","targetHints":{"allow":["GET"]}}],"collection":[{"href":"https:\/\/boutique.bunker-france.com\/index.php?rest_route=\/wp\/v2\/product"}],"about":[{"href":"https:\/\/boutique.bunker-france.com\/index.php?rest_route=\/wp\/v2\/types\/product"}],"replies":[{"embeddable":true,"href":"https:\/\/boutique.bunker-france.com\/index.php?rest_route=%2Fwp%2Fv2%2Fcomments&post=1974"}],"wp:featuredmedia":[{"embeddable":true,"href":"https:\/\/boutique.bunker-france.com\/index.php?rest_route=\/wp\/v2\/media\/1973"}],"wp:attachment":[{"href":"https:\/\/boutique.bunker-france.com\/index.php?rest_route=%2Fwp%2Fv2%2Fmedia&parent=1974"}],"wp:term":[{"taxonomy":"product_brand","embeddable":true,"href":"https:\/\/boutique.bunker-france.com\/index.php?rest_route=%2Fwp%2Fv2%2Fproduct_brand&post=1974"},{"taxonomy":"product_cat","embeddable":true,"href":"https:\/\/boutique.bunker-france.com\/index.php?rest_route=%2Fwp%2Fv2%2Fproduct_cat&post=1974"},{"taxonomy":"product_tag","embeddable":true,"href":"https:\/\/boutique.bunker-france.com\/index.php?rest_route=%2Fwp%2Fv2%2Fproduct_tag&post=1974"}],"curies":[{"name":"wp","href":"https:\/\/api.w.org\/{rel}","templated":true}]}}