{"id":1972,"date":"2026-04-07T23:29:12","date_gmt":"2026-04-07T21:29:12","guid":{"rendered":"https:\/\/boutique.bunker-france.com\/?product=couteau-multifonction-outdoor"},"modified":"2026-04-07T23:29:12","modified_gmt":"2026-04-07T21:29:12","slug":"couteau-multifonction-outdoor","status":"publish","type":"product","link":"https:\/\/boutique.bunker-france.com\/?product=couteau-multifonction-outdoor","title":{"rendered":"Couteau Multifonction Outdoor"},"content":{"rendered":"<p>Ce couteau multifonction outdoor est un outil robuste et tranchant, id\u00e9al pour toutes vos sorties en for\u00eat, randonn\u00e9es et aventures outdoor. Fabriqu\u00e9 en acier 7CR13MOV avec une duret\u00e9 de 60 \u00b1 2, il est con\u00e7u pour r\u00e9sister aux conditions les plus exigeantes. La poign\u00e9e en G10 assure une excellente prise en main. Avec une \u00e9paisseur de 4 mm et une dimension de 29 cm, il est parfait pour couper du bois, de la corde, et m\u00eame pour la cuisine en ext\u00e9rieur. Il est \u00e9galement appr\u00e9ci\u00e9 pour sa lame droite super r\u00e9sistante et coupante. Livr\u00e9 avec une livraison offerte, un support rapide et une politique de retours de 30 jours.<\/p>\n","protected":false},"excerpt":{"rendered":"<p>Ce couteau multifonction outdoor est un outil robuste et tranchant, id\u00e9al pour toutes vos sorties en for\u00eat, randonn\u00e9es et aventures outdoor. Fabriqu\u00e9 en acier 7CR13MOV avec une duret\u00e9 de 60 \u00b1 2, il est con\u00e7u pour r\u00e9sister aux conditions les plus exigeantes. La poign\u00e9e en G10 assure une excellente prise en main. Avec une \u00e9paisseur<\/p>\n<div class=\"more-link\">\n             <a href=\"https:\/\/boutique.bunker-france.com\/?product=couteau-multifonction-outdoor\" class=\"theme-btn\"><span>Continue Reading <\/span><i class=\"bi bi-arrow-right\"><\/i><\/a>\n        <\/div>\n","protected":false},"featured_media":1971,"comment_status":"open","ping_status":"closed","template":"","meta":[],"product_brand":[],"product_cat":[58],"product_tag":[],"class_list":{"0":"post-1972","1":"product","2":"type-product","3":"status-publish","4":"has-post-thumbnail","6":"product_cat-couteaux-outils","8":"first","9":"instock","10":"taxable","11":"shipping-taxable","12":"purchasable","13":"product-type-simple"},"_links":{"self":[{"href":"https:\/\/boutique.bunker-france.com\/index.php?rest_route=\/wp\/v2\/product\/1972","targetHints":{"allow":["GET"]}}],"collection":[{"href":"https:\/\/boutique.bunker-france.com\/index.php?rest_route=\/wp\/v2\/product"}],"about":[{"href":"https:\/\/boutique.bunker-france.com\/index.php?rest_route=\/wp\/v2\/types\/product"}],"replies":[{"embeddable":true,"href":"https:\/\/boutique.bunker-france.com\/index.php?rest_route=%2Fwp%2Fv2%2Fcomments&post=1972"}],"wp:featuredmedia":[{"embeddable":true,"href":"https:\/\/boutique.bunker-france.com\/index.php?rest_route=\/wp\/v2\/media\/1971"}],"wp:attachment":[{"href":"https:\/\/boutique.bunker-france.com\/index.php?rest_route=%2Fwp%2Fv2%2Fmedia&parent=1972"}],"wp:term":[{"taxonomy":"product_brand","embeddable":true,"href":"https:\/\/boutique.bunker-france.com\/index.php?rest_route=%2Fwp%2Fv2%2Fproduct_brand&post=1972"},{"taxonomy":"product_cat","embeddable":true,"href":"https:\/\/boutique.bunker-france.com\/index.php?rest_route=%2Fwp%2Fv2%2Fproduct_cat&post=1972"},{"taxonomy":"product_tag","embeddable":true,"href":"https:\/\/boutique.bunker-france.com\/index.php?rest_route=%2Fwp%2Fv2%2Fproduct_tag&post=1972"}],"curies":[{"name":"wp","href":"https:\/\/api.w.org\/{rel}","templated":true}]}}