{"id":1968,"date":"2026-04-07T23:29:11","date_gmt":"2026-04-07T21:29:11","guid":{"rendered":"https:\/\/boutique.bunker-france.com\/?product=couteau-gerber-a-lame-fixe-avec-etui-ceinture"},"modified":"2026-04-07T23:29:11","modified_gmt":"2026-04-07T21:29:11","slug":"couteau-gerber-a-lame-fixe-avec-etui-ceinture","status":"publish","type":"product","link":"https:\/\/boutique.bunker-france.com\/?product=couteau-gerber-a-lame-fixe-avec-etui-ceinture","title":{"rendered":"Couteau Gerber \u00e0 lame fixe avec \u00e9tui ceinture"},"content":{"rendered":"<p>Le Couteau Gerber \u00e0 Lame Fixe avec \u00c9tui Ceinture est un couteau robuste et fiable, con\u00e7u pour&#8230;<\/p>\n","protected":false},"excerpt":{"rendered":"<p>Le Couteau Gerber \u00e0 Lame Fixe avec \u00c9tui Ceinture est un couteau robuste et fiable, con\u00e7u pour&#8230;<\/p>\n","protected":false},"featured_media":1967,"comment_status":"open","ping_status":"closed","template":"","meta":[],"product_brand":[],"product_cat":[58],"product_tag":[],"class_list":{"0":"post-1968","1":"product","2":"type-product","3":"status-publish","4":"has-post-thumbnail","6":"product_cat-couteaux-outils","8":"first","9":"instock","10":"taxable","11":"shipping-taxable","12":"purchasable","13":"product-type-simple"},"_links":{"self":[{"href":"https:\/\/boutique.bunker-france.com\/index.php?rest_route=\/wp\/v2\/product\/1968","targetHints":{"allow":["GET"]}}],"collection":[{"href":"https:\/\/boutique.bunker-france.com\/index.php?rest_route=\/wp\/v2\/product"}],"about":[{"href":"https:\/\/boutique.bunker-france.com\/index.php?rest_route=\/wp\/v2\/types\/product"}],"replies":[{"embeddable":true,"href":"https:\/\/boutique.bunker-france.com\/index.php?rest_route=%2Fwp%2Fv2%2Fcomments&post=1968"}],"wp:featuredmedia":[{"embeddable":true,"href":"https:\/\/boutique.bunker-france.com\/index.php?rest_route=\/wp\/v2\/media\/1967"}],"wp:attachment":[{"href":"https:\/\/boutique.bunker-france.com\/index.php?rest_route=%2Fwp%2Fv2%2Fmedia&parent=1968"}],"wp:term":[{"taxonomy":"product_brand","embeddable":true,"href":"https:\/\/boutique.bunker-france.com\/index.php?rest_route=%2Fwp%2Fv2%2Fproduct_brand&post=1968"},{"taxonomy":"product_cat","embeddable":true,"href":"https:\/\/boutique.bunker-france.com\/index.php?rest_route=%2Fwp%2Fv2%2Fproduct_cat&post=1968"},{"taxonomy":"product_tag","embeddable":true,"href":"https:\/\/boutique.bunker-france.com\/index.php?rest_route=%2Fwp%2Fv2%2Fproduct_tag&post=1968"}],"curies":[{"name":"wp","href":"https:\/\/api.w.org\/{rel}","templated":true}]}}