{"id":1958,"date":"2026-04-07T23:29:08","date_gmt":"2026-04-07T21:29:08","guid":{"rendered":"https:\/\/boutique.bunker-france.com\/?product=couteau-porte-cle"},"modified":"2026-04-07T23:29:08","modified_gmt":"2026-04-07T21:29:08","slug":"couteau-porte-cle","status":"publish","type":"product","link":"https:\/\/boutique.bunker-france.com\/?product=couteau-porte-cle","title":{"rendered":"Couteau Porte Cl\u00e9"},"content":{"rendered":"<p>Le couteau porte-cl\u00e9 est l&rsquo;accessoire qu&rsquo;il vous faut pour faciliter votre quotidien. Compos\u00e9 d&rsquo;un acier inoxydable de qualit\u00e9, cet outil de poche est robuste et r\u00e9sistant.<\/p>\n","protected":false},"excerpt":{"rendered":"<p>Le couteau porte-cl\u00e9 est l&rsquo;accessoire qu&rsquo;il vous faut pour faciliter votre quotidien. Compos\u00e9 d&rsquo;un acier inoxydable de qualit\u00e9, cet outil de poche est robuste et r\u00e9sistant.<\/p>\n","protected":false},"featured_media":1957,"comment_status":"open","ping_status":"closed","template":"","meta":[],"product_brand":[],"product_cat":[58],"product_tag":[],"class_list":{"0":"post-1958","1":"product","2":"type-product","3":"status-publish","4":"has-post-thumbnail","6":"product_cat-couteaux-outils","8":"first","9":"instock","10":"taxable","11":"shipping-taxable","12":"purchasable","13":"product-type-simple"},"_links":{"self":[{"href":"https:\/\/boutique.bunker-france.com\/index.php?rest_route=\/wp\/v2\/product\/1958","targetHints":{"allow":["GET"]}}],"collection":[{"href":"https:\/\/boutique.bunker-france.com\/index.php?rest_route=\/wp\/v2\/product"}],"about":[{"href":"https:\/\/boutique.bunker-france.com\/index.php?rest_route=\/wp\/v2\/types\/product"}],"replies":[{"embeddable":true,"href":"https:\/\/boutique.bunker-france.com\/index.php?rest_route=%2Fwp%2Fv2%2Fcomments&post=1958"}],"wp:featuredmedia":[{"embeddable":true,"href":"https:\/\/boutique.bunker-france.com\/index.php?rest_route=\/wp\/v2\/media\/1957"}],"wp:attachment":[{"href":"https:\/\/boutique.bunker-france.com\/index.php?rest_route=%2Fwp%2Fv2%2Fmedia&parent=1958"}],"wp:term":[{"taxonomy":"product_brand","embeddable":true,"href":"https:\/\/boutique.bunker-france.com\/index.php?rest_route=%2Fwp%2Fv2%2Fproduct_brand&post=1958"},{"taxonomy":"product_cat","embeddable":true,"href":"https:\/\/boutique.bunker-france.com\/index.php?rest_route=%2Fwp%2Fv2%2Fproduct_cat&post=1958"},{"taxonomy":"product_tag","embeddable":true,"href":"https:\/\/boutique.bunker-france.com\/index.php?rest_route=%2Fwp%2Fv2%2Fproduct_tag&post=1958"}],"curies":[{"name":"wp","href":"https:\/\/api.w.org\/{rel}","templated":true}]}}