{"id":1956,"date":"2026-04-07T23:29:07","date_gmt":"2026-04-07T21:29:07","guid":{"rendered":"https:\/\/boutique.bunker-france.com\/?product=couteau-damas-tactique"},"modified":"2026-04-07T23:29:07","modified_gmt":"2026-04-07T21:29:07","slug":"couteau-damas-tactique","status":"publish","type":"product","link":"https:\/\/boutique.bunker-france.com\/?product=couteau-damas-tactique","title":{"rendered":"Couteau Damas Tactique"},"content":{"rendered":"<p>\u00c0 la recherche d&rsquo;un couteau \u00e9l\u00e9gant et pratique pour vos aventures en ext\u00e9rieur? Le Couteau Damas Tactique est fait pour vous! Avec une longueur totale de&#8230;&#8230;<\/p>\n","protected":false},"excerpt":{"rendered":"<p>\u00c0 la recherche d&rsquo;un couteau \u00e9l\u00e9gant et pratique pour vos aventures en ext\u00e9rieur? Le Couteau Damas Tactique est fait pour vous! Avec une longueur totale de&#8230;&#8230;<\/p>\n","protected":false},"featured_media":1955,"comment_status":"open","ping_status":"closed","template":"","meta":[],"product_brand":[],"product_cat":[58],"product_tag":[],"class_list":{"0":"post-1956","1":"product","2":"type-product","3":"status-publish","4":"has-post-thumbnail","6":"product_cat-couteaux-outils","8":"first","9":"instock","10":"taxable","11":"shipping-taxable","12":"purchasable","13":"product-type-simple"},"_links":{"self":[{"href":"https:\/\/boutique.bunker-france.com\/index.php?rest_route=\/wp\/v2\/product\/1956","targetHints":{"allow":["GET"]}}],"collection":[{"href":"https:\/\/boutique.bunker-france.com\/index.php?rest_route=\/wp\/v2\/product"}],"about":[{"href":"https:\/\/boutique.bunker-france.com\/index.php?rest_route=\/wp\/v2\/types\/product"}],"replies":[{"embeddable":true,"href":"https:\/\/boutique.bunker-france.com\/index.php?rest_route=%2Fwp%2Fv2%2Fcomments&post=1956"}],"wp:featuredmedia":[{"embeddable":true,"href":"https:\/\/boutique.bunker-france.com\/index.php?rest_route=\/wp\/v2\/media\/1955"}],"wp:attachment":[{"href":"https:\/\/boutique.bunker-france.com\/index.php?rest_route=%2Fwp%2Fv2%2Fmedia&parent=1956"}],"wp:term":[{"taxonomy":"product_brand","embeddable":true,"href":"https:\/\/boutique.bunker-france.com\/index.php?rest_route=%2Fwp%2Fv2%2Fproduct_brand&post=1956"},{"taxonomy":"product_cat","embeddable":true,"href":"https:\/\/boutique.bunker-france.com\/index.php?rest_route=%2Fwp%2Fv2%2Fproduct_cat&post=1956"},{"taxonomy":"product_tag","embeddable":true,"href":"https:\/\/boutique.bunker-france.com\/index.php?rest_route=%2Fwp%2Fv2%2Fproduct_tag&post=1956"}],"curies":[{"name":"wp","href":"https:\/\/api.w.org\/{rel}","templated":true}]}}