{"id":1938,"date":"2026-04-07T23:29:00","date_gmt":"2026-04-07T21:29:00","guid":{"rendered":"https:\/\/boutique.bunker-france.com\/?product=couteau-de-chasse-survie"},"modified":"2026-04-07T23:29:00","modified_gmt":"2026-04-07T21:29:00","slug":"couteau-de-chasse-survie","status":"publish","type":"product","link":"https:\/\/boutique.bunker-france.com\/?product=couteau-de-chasse-survie","title":{"rendered":"Couteau de Chasse Survie"},"content":{"rendered":"<p>Ce couteau de chasse et survie est dot\u00e9 d&rsquo;une lame aiguis\u00e9e comme un rasoir, fabriqu\u00e9e en acier 5cr15mov. Sa lame mesure 9.3cm de long avec un angle sup\u00e9rieur \u00e0 60\u00b0, et la poign\u00e9e mesure 10cm, pour une longueur totale non sp\u00e9cifi\u00e9e. Il est id\u00e9al pour les activit\u00e9s en ext\u00e9rieur comme la chasse et la survie.<\/p>\n","protected":false},"excerpt":{"rendered":"<p>Ce couteau de chasse et survie est dot\u00e9 d&rsquo;une lame aiguis\u00e9e comme un rasoir, fabriqu\u00e9e en acier 5cr15mov. Sa lame mesure 9.3cm de long avec un angle sup\u00e9rieur \u00e0 60\u00b0, et la poign\u00e9e mesure 10cm, pour une longueur totale non sp\u00e9cifi\u00e9e. Il est id\u00e9al pour les activit\u00e9s en ext\u00e9rieur comme la chasse et la survie.<\/p>\n","protected":false},"featured_media":1937,"comment_status":"open","ping_status":"closed","template":"","meta":[],"product_brand":[],"product_cat":[58],"product_tag":[],"class_list":{"0":"post-1938","1":"product","2":"type-product","3":"status-publish","4":"has-post-thumbnail","6":"product_cat-couteaux-outils","8":"first","9":"instock","10":"taxable","11":"shipping-taxable","12":"purchasable","13":"product-type-simple"},"_links":{"self":[{"href":"https:\/\/boutique.bunker-france.com\/index.php?rest_route=\/wp\/v2\/product\/1938","targetHints":{"allow":["GET"]}}],"collection":[{"href":"https:\/\/boutique.bunker-france.com\/index.php?rest_route=\/wp\/v2\/product"}],"about":[{"href":"https:\/\/boutique.bunker-france.com\/index.php?rest_route=\/wp\/v2\/types\/product"}],"replies":[{"embeddable":true,"href":"https:\/\/boutique.bunker-france.com\/index.php?rest_route=%2Fwp%2Fv2%2Fcomments&post=1938"}],"wp:featuredmedia":[{"embeddable":true,"href":"https:\/\/boutique.bunker-france.com\/index.php?rest_route=\/wp\/v2\/media\/1937"}],"wp:attachment":[{"href":"https:\/\/boutique.bunker-france.com\/index.php?rest_route=%2Fwp%2Fv2%2Fmedia&parent=1938"}],"wp:term":[{"taxonomy":"product_brand","embeddable":true,"href":"https:\/\/boutique.bunker-france.com\/index.php?rest_route=%2Fwp%2Fv2%2Fproduct_brand&post=1938"},{"taxonomy":"product_cat","embeddable":true,"href":"https:\/\/boutique.bunker-france.com\/index.php?rest_route=%2Fwp%2Fv2%2Fproduct_cat&post=1938"},{"taxonomy":"product_tag","embeddable":true,"href":"https:\/\/boutique.bunker-france.com\/index.php?rest_route=%2Fwp%2Fv2%2Fproduct_tag&post=1938"}],"curies":[{"name":"wp","href":"https:\/\/api.w.org\/{rel}","templated":true}]}}