{"id":1934,"date":"2026-04-07T23:28:59","date_gmt":"2026-04-07T21:28:59","guid":{"rendered":"https:\/\/boutique.bunker-france.com\/?product=couteau-chasse-corde"},"modified":"2026-04-07T23:28:59","modified_gmt":"2026-04-07T21:28:59","slug":"couteau-chasse-corde","status":"publish","type":"product","link":"https:\/\/boutique.bunker-france.com\/?product=couteau-chasse-corde","title":{"rendered":"Couteau Chasse Corde"},"content":{"rendered":"<p>Ce couteau de chasse est robuste et tranchant, id\u00e9al pour les activit\u00e9s en ext\u00e9rieur. Il est dot\u00e9 d&rsquo;une lame en acier inoxydable de 9 cm et d&rsquo;un manche en acier avec rainures pour une prise en main optimale. Sa longueur totale est de 20 cm et il p\u00e8se 170 g. Il est parfait pour la chasse, la randonn\u00e9e, couper du bois ou de la corde, et m\u00eame pour des t\u00e2ches de survie comme allumer un feu ou construire un abri.<\/p>\n","protected":false},"excerpt":{"rendered":"<p>Ce couteau de chasse est robuste et tranchant, id\u00e9al pour les activit\u00e9s en ext\u00e9rieur. Il est dot\u00e9 d&rsquo;une lame en acier inoxydable de 9 cm et d&rsquo;un manche en acier avec rainures pour une prise en main optimale. Sa longueur totale est de 20 cm et il p\u00e8se 170 g. Il est parfait pour la<\/p>\n<div class=\"more-link\">\n             <a href=\"https:\/\/boutique.bunker-france.com\/?product=couteau-chasse-corde\" class=\"theme-btn\"><span>Continue Reading <\/span><i class=\"bi bi-arrow-right\"><\/i><\/a>\n        <\/div>\n","protected":false},"featured_media":1933,"comment_status":"open","ping_status":"closed","template":"","meta":[],"product_brand":[],"product_cat":[58],"product_tag":[],"class_list":{"0":"post-1934","1":"product","2":"type-product","3":"status-publish","4":"has-post-thumbnail","6":"product_cat-couteaux-outils","8":"first","9":"instock","10":"taxable","11":"shipping-taxable","12":"purchasable","13":"product-type-simple"},"_links":{"self":[{"href":"https:\/\/boutique.bunker-france.com\/index.php?rest_route=\/wp\/v2\/product\/1934","targetHints":{"allow":["GET"]}}],"collection":[{"href":"https:\/\/boutique.bunker-france.com\/index.php?rest_route=\/wp\/v2\/product"}],"about":[{"href":"https:\/\/boutique.bunker-france.com\/index.php?rest_route=\/wp\/v2\/types\/product"}],"replies":[{"embeddable":true,"href":"https:\/\/boutique.bunker-france.com\/index.php?rest_route=%2Fwp%2Fv2%2Fcomments&post=1934"}],"wp:featuredmedia":[{"embeddable":true,"href":"https:\/\/boutique.bunker-france.com\/index.php?rest_route=\/wp\/v2\/media\/1933"}],"wp:attachment":[{"href":"https:\/\/boutique.bunker-france.com\/index.php?rest_route=%2Fwp%2Fv2%2Fmedia&parent=1934"}],"wp:term":[{"taxonomy":"product_brand","embeddable":true,"href":"https:\/\/boutique.bunker-france.com\/index.php?rest_route=%2Fwp%2Fv2%2Fproduct_brand&post=1934"},{"taxonomy":"product_cat","embeddable":true,"href":"https:\/\/boutique.bunker-france.com\/index.php?rest_route=%2Fwp%2Fv2%2Fproduct_cat&post=1934"},{"taxonomy":"product_tag","embeddable":true,"href":"https:\/\/boutique.bunker-france.com\/index.php?rest_route=%2Fwp%2Fv2%2Fproduct_tag&post=1934"}],"curies":[{"name":"wp","href":"https:\/\/api.w.org\/{rel}","templated":true}]}}