{"id":1928,"date":"2026-04-07T23:28:58","date_gmt":"2026-04-07T21:28:58","guid":{"rendered":"https:\/\/boutique.bunker-france.com\/?product=couteau-de-poche-bushcraft-g52"},"modified":"2026-04-07T23:28:58","modified_gmt":"2026-04-07T21:28:58","slug":"couteau-de-poche-bushcraft-g52","status":"publish","type":"product","link":"https:\/\/boutique.bunker-france.com\/?product=couteau-de-poche-bushcraft-g52","title":{"rendered":"Couteau de Poche Bushcraft G52"},"content":{"rendered":"<p>Ce couteau de poche Bushcraft G52 est un outil robuste et tranchant, id\u00e9al pour les activit\u00e9s en ext\u00e9rieur. Il est dot\u00e9 d&rsquo;une lame en acier inoxydable et d&rsquo;un manche de 10 cm, pour une longueur totale de 18 cm et un poids de 100 g. Il est parfait pour les sorties en for\u00eat, la randonn\u00e9e, la cuisine en ext\u00e9rieur, allumer un feu ou construire un abri. Il est \u00e9galement appr\u00e9ci\u00e9 pour sa r\u00e9sistance et son excellent rapport qualit\u00e9-prix.<\/p>\n","protected":false},"excerpt":{"rendered":"<p>Ce couteau de poche Bushcraft G52 est un outil robuste et tranchant, id\u00e9al pour les activit\u00e9s en ext\u00e9rieur. Il est dot\u00e9 d&rsquo;une lame en acier inoxydable et d&rsquo;un manche de 10 cm, pour une longueur totale de 18 cm et un poids de 100 g. Il est parfait pour les sorties en for\u00eat, la randonn\u00e9e,<\/p>\n<div class=\"more-link\">\n             <a href=\"https:\/\/boutique.bunker-france.com\/?product=couteau-de-poche-bushcraft-g52\" class=\"theme-btn\"><span>Continue Reading <\/span><i class=\"bi bi-arrow-right\"><\/i><\/a>\n        <\/div>\n","protected":false},"featured_media":1927,"comment_status":"open","ping_status":"closed","template":"","meta":[],"product_brand":[],"product_cat":[58],"product_tag":[],"class_list":{"0":"post-1928","1":"product","2":"type-product","3":"status-publish","4":"has-post-thumbnail","6":"product_cat-couteaux-outils","8":"first","9":"instock","10":"taxable","11":"shipping-taxable","12":"purchasable","13":"product-type-simple"},"_links":{"self":[{"href":"https:\/\/boutique.bunker-france.com\/index.php?rest_route=\/wp\/v2\/product\/1928","targetHints":{"allow":["GET"]}}],"collection":[{"href":"https:\/\/boutique.bunker-france.com\/index.php?rest_route=\/wp\/v2\/product"}],"about":[{"href":"https:\/\/boutique.bunker-france.com\/index.php?rest_route=\/wp\/v2\/types\/product"}],"replies":[{"embeddable":true,"href":"https:\/\/boutique.bunker-france.com\/index.php?rest_route=%2Fwp%2Fv2%2Fcomments&post=1928"}],"wp:featuredmedia":[{"embeddable":true,"href":"https:\/\/boutique.bunker-france.com\/index.php?rest_route=\/wp\/v2\/media\/1927"}],"wp:attachment":[{"href":"https:\/\/boutique.bunker-france.com\/index.php?rest_route=%2Fwp%2Fv2%2Fmedia&parent=1928"}],"wp:term":[{"taxonomy":"product_brand","embeddable":true,"href":"https:\/\/boutique.bunker-france.com\/index.php?rest_route=%2Fwp%2Fv2%2Fproduct_brand&post=1928"},{"taxonomy":"product_cat","embeddable":true,"href":"https:\/\/boutique.bunker-france.com\/index.php?rest_route=%2Fwp%2Fv2%2Fproduct_cat&post=1928"},{"taxonomy":"product_tag","embeddable":true,"href":"https:\/\/boutique.bunker-france.com\/index.php?rest_route=%2Fwp%2Fv2%2Fproduct_tag&post=1928"}],"curies":[{"name":"wp","href":"https:\/\/api.w.org\/{rel}","templated":true}]}}