{"id":1924,"date":"2026-04-07T23:28:56","date_gmt":"2026-04-07T21:28:56","guid":{"rendered":"https:\/\/boutique.bunker-france.com\/?product=couteau-de-chasse-droit"},"modified":"2026-04-07T23:28:56","modified_gmt":"2026-04-07T21:28:56","slug":"couteau-de-chasse-droit","status":"publish","type":"product","link":"https:\/\/boutique.bunker-france.com\/?product=couteau-de-chasse-droit","title":{"rendered":"Couteau de Chasse Droit"},"content":{"rendered":"<p>Ce couteau de chasse droit est un outil robuste et tr\u00e8s tranchant, id\u00e9al pour les sorties en for\u00eat, la randonn\u00e9e et les aventures outdoor. Il est dot\u00e9 d&rsquo;un angle de lame de \u2264 60\u00b0 et d&rsquo;un excellent grip. Sa lame droite est super r\u00e9sistante et coupante. Il est \u00e9galement pratique pour des t\u00e2ches vari\u00e9es comme la cuisine en ext\u00e9rieur, allumer un feu ou construire un abri. Les clients louent son excellent rapport qualit\u00e9-prix, sa livraison rapide et son service client r\u00e9actif.<\/p>\n","protected":false},"excerpt":{"rendered":"<p>Ce couteau de chasse droit est un outil robuste et tr\u00e8s tranchant, id\u00e9al pour les sorties en for\u00eat, la randonn\u00e9e et les aventures outdoor. Il est dot\u00e9 d&rsquo;un angle de lame de \u2264 60\u00b0 et d&rsquo;un excellent grip. Sa lame droite est super r\u00e9sistante et coupante. Il est \u00e9galement pratique pour des t\u00e2ches vari\u00e9es comme<\/p>\n<div class=\"more-link\">\n             <a href=\"https:\/\/boutique.bunker-france.com\/?product=couteau-de-chasse-droit\" class=\"theme-btn\"><span>Continue Reading <\/span><i class=\"bi bi-arrow-right\"><\/i><\/a>\n        <\/div>\n","protected":false},"featured_media":1923,"comment_status":"open","ping_status":"closed","template":"","meta":[],"product_brand":[],"product_cat":[58],"product_tag":[],"class_list":{"0":"post-1924","1":"product","2":"type-product","3":"status-publish","4":"has-post-thumbnail","6":"product_cat-couteaux-outils","8":"first","9":"instock","10":"taxable","11":"shipping-taxable","12":"purchasable","13":"product-type-simple"},"_links":{"self":[{"href":"https:\/\/boutique.bunker-france.com\/index.php?rest_route=\/wp\/v2\/product\/1924","targetHints":{"allow":["GET"]}}],"collection":[{"href":"https:\/\/boutique.bunker-france.com\/index.php?rest_route=\/wp\/v2\/product"}],"about":[{"href":"https:\/\/boutique.bunker-france.com\/index.php?rest_route=\/wp\/v2\/types\/product"}],"replies":[{"embeddable":true,"href":"https:\/\/boutique.bunker-france.com\/index.php?rest_route=%2Fwp%2Fv2%2Fcomments&post=1924"}],"wp:featuredmedia":[{"embeddable":true,"href":"https:\/\/boutique.bunker-france.com\/index.php?rest_route=\/wp\/v2\/media\/1923"}],"wp:attachment":[{"href":"https:\/\/boutique.bunker-france.com\/index.php?rest_route=%2Fwp%2Fv2%2Fmedia&parent=1924"}],"wp:term":[{"taxonomy":"product_brand","embeddable":true,"href":"https:\/\/boutique.bunker-france.com\/index.php?rest_route=%2Fwp%2Fv2%2Fproduct_brand&post=1924"},{"taxonomy":"product_cat","embeddable":true,"href":"https:\/\/boutique.bunker-france.com\/index.php?rest_route=%2Fwp%2Fv2%2Fproduct_cat&post=1924"},{"taxonomy":"product_tag","embeddable":true,"href":"https:\/\/boutique.bunker-france.com\/index.php?rest_route=%2Fwp%2Fv2%2Fproduct_tag&post=1924"}],"curies":[{"name":"wp","href":"https:\/\/api.w.org\/{rel}","templated":true}]}}