{"id":1922,"date":"2026-04-07T23:28:56","date_gmt":"2026-04-07T21:28:56","guid":{"rendered":"https:\/\/boutique.bunker-france.com\/?product=couteau-de-survie-bois-de-cerf"},"modified":"2026-04-07T23:28:56","modified_gmt":"2026-04-07T21:28:56","slug":"couteau-de-survie-bois-de-cerf","status":"publish","type":"product","link":"https:\/\/boutique.bunker-france.com\/?product=couteau-de-survie-bois-de-cerf","title":{"rendered":"Couteau de Survie Bois de Cerf"},"content":{"rendered":"<p>Ce couteau de survie est dot\u00e9 d&rsquo;une lame aiguis\u00e9e comme un rasoir, id\u00e9ale pour toutes vos activit\u00e9s en ext\u00e9rieur. La poign\u00e9e est fabriqu\u00e9e en bois de cerf et laiton, offrant une excellente prise en main et une duret\u00e9 de 60-62 HRC. Sa longueur totale est de 19,8 cm. Il est livr\u00e9 avec un \u00e9tui en cuir et une bo\u00eete, et sa lame est en acier de haute qualit\u00e9. Parfait pour les sorties en for\u00eat, la randonn\u00e9e, la cuisine en ext\u00e9rieur, allumer un feu ou construire un abri.<\/p>\n","protected":false},"excerpt":{"rendered":"<p>Ce couteau de survie est dot\u00e9 d&rsquo;une lame aiguis\u00e9e comme un rasoir, id\u00e9ale pour toutes vos activit\u00e9s en ext\u00e9rieur. La poign\u00e9e est fabriqu\u00e9e en bois de cerf et laiton, offrant une excellente prise en main et une duret\u00e9 de 60-62 HRC. Sa longueur totale est de 19,8 cm. Il est livr\u00e9 avec un \u00e9tui en<\/p>\n<div class=\"more-link\">\n             <a href=\"https:\/\/boutique.bunker-france.com\/?product=couteau-de-survie-bois-de-cerf\" class=\"theme-btn\"><span>Continue Reading <\/span><i class=\"bi bi-arrow-right\"><\/i><\/a>\n        <\/div>\n","protected":false},"featured_media":1921,"comment_status":"open","ping_status":"closed","template":"","meta":[],"product_brand":[],"product_cat":[58],"product_tag":[],"class_list":{"0":"post-1922","1":"product","2":"type-product","3":"status-publish","4":"has-post-thumbnail","6":"product_cat-couteaux-outils","8":"first","9":"instock","10":"taxable","11":"shipping-taxable","12":"purchasable","13":"product-type-simple"},"_links":{"self":[{"href":"https:\/\/boutique.bunker-france.com\/index.php?rest_route=\/wp\/v2\/product\/1922","targetHints":{"allow":["GET"]}}],"collection":[{"href":"https:\/\/boutique.bunker-france.com\/index.php?rest_route=\/wp\/v2\/product"}],"about":[{"href":"https:\/\/boutique.bunker-france.com\/index.php?rest_route=\/wp\/v2\/types\/product"}],"replies":[{"embeddable":true,"href":"https:\/\/boutique.bunker-france.com\/index.php?rest_route=%2Fwp%2Fv2%2Fcomments&post=1922"}],"wp:featuredmedia":[{"embeddable":true,"href":"https:\/\/boutique.bunker-france.com\/index.php?rest_route=\/wp\/v2\/media\/1921"}],"wp:attachment":[{"href":"https:\/\/boutique.bunker-france.com\/index.php?rest_route=%2Fwp%2Fv2%2Fmedia&parent=1922"}],"wp:term":[{"taxonomy":"product_brand","embeddable":true,"href":"https:\/\/boutique.bunker-france.com\/index.php?rest_route=%2Fwp%2Fv2%2Fproduct_brand&post=1922"},{"taxonomy":"product_cat","embeddable":true,"href":"https:\/\/boutique.bunker-france.com\/index.php?rest_route=%2Fwp%2Fv2%2Fproduct_cat&post=1922"},{"taxonomy":"product_tag","embeddable":true,"href":"https:\/\/boutique.bunker-france.com\/index.php?rest_route=%2Fwp%2Fv2%2Fproduct_tag&post=1922"}],"curies":[{"name":"wp","href":"https:\/\/api.w.org\/{rel}","templated":true}]}}