{"id":1914,"date":"2026-04-07T23:28:53","date_gmt":"2026-04-07T21:28:53","guid":{"rendered":"https:\/\/boutique.bunker-france.com\/?product=couteau-bushcraft-lame-fine"},"modified":"2026-04-07T23:28:53","modified_gmt":"2026-04-07T21:28:53","slug":"couteau-bushcraft-lame-fine","status":"publish","type":"product","link":"https:\/\/boutique.bunker-france.com\/?product=couteau-bushcraft-lame-fine","title":{"rendered":"Couteau Bushcraft Lame Fine"},"content":{"rendered":"<p>Ce couteau Bushcraft \u00e0 lame fine est un outil robuste et tranchant, id\u00e9al pour toutes vos activit\u00e9s en ext\u00e9rieur. Il est dot\u00e9 d&rsquo;une lame en acier D2 d&rsquo;une duret\u00e9 de 57-59HRC et d&rsquo;un manche en G10, offrant une excellente prise en main. Sa longueur totale est de 21 cm. Livr\u00e9 dans une bo\u00eete, il est parfait pour le bushcraft, la randonn\u00e9e, et toutes les aventures outdoor. B\u00e9n\u00e9ficiez de la livraison offerte, d&rsquo;un support rapide et de retours sous 30 jours.<\/p>\n","protected":false},"excerpt":{"rendered":"<p>Ce couteau Bushcraft \u00e0 lame fine est un outil robuste et tranchant, id\u00e9al pour toutes vos activit\u00e9s en ext\u00e9rieur. Il est dot\u00e9 d&rsquo;une lame en acier D2 d&rsquo;une duret\u00e9 de 57-59HRC et d&rsquo;un manche en G10, offrant une excellente prise en main. Sa longueur totale est de 21 cm. Livr\u00e9 dans une bo\u00eete, il est<\/p>\n<div class=\"more-link\">\n             <a href=\"https:\/\/boutique.bunker-france.com\/?product=couteau-bushcraft-lame-fine\" class=\"theme-btn\"><span>Continue Reading <\/span><i class=\"bi bi-arrow-right\"><\/i><\/a>\n        <\/div>\n","protected":false},"featured_media":1913,"comment_status":"open","ping_status":"closed","template":"","meta":[],"product_brand":[],"product_cat":[58],"product_tag":[],"class_list":{"0":"post-1914","1":"product","2":"type-product","3":"status-publish","4":"has-post-thumbnail","6":"product_cat-couteaux-outils","8":"first","9":"instock","10":"taxable","11":"shipping-taxable","12":"purchasable","13":"product-type-simple"},"_links":{"self":[{"href":"https:\/\/boutique.bunker-france.com\/index.php?rest_route=\/wp\/v2\/product\/1914","targetHints":{"allow":["GET"]}}],"collection":[{"href":"https:\/\/boutique.bunker-france.com\/index.php?rest_route=\/wp\/v2\/product"}],"about":[{"href":"https:\/\/boutique.bunker-france.com\/index.php?rest_route=\/wp\/v2\/types\/product"}],"replies":[{"embeddable":true,"href":"https:\/\/boutique.bunker-france.com\/index.php?rest_route=%2Fwp%2Fv2%2Fcomments&post=1914"}],"wp:featuredmedia":[{"embeddable":true,"href":"https:\/\/boutique.bunker-france.com\/index.php?rest_route=\/wp\/v2\/media\/1913"}],"wp:attachment":[{"href":"https:\/\/boutique.bunker-france.com\/index.php?rest_route=%2Fwp%2Fv2%2Fmedia&parent=1914"}],"wp:term":[{"taxonomy":"product_brand","embeddable":true,"href":"https:\/\/boutique.bunker-france.com\/index.php?rest_route=%2Fwp%2Fv2%2Fproduct_brand&post=1914"},{"taxonomy":"product_cat","embeddable":true,"href":"https:\/\/boutique.bunker-france.com\/index.php?rest_route=%2Fwp%2Fv2%2Fproduct_cat&post=1914"},{"taxonomy":"product_tag","embeddable":true,"href":"https:\/\/boutique.bunker-france.com\/index.php?rest_route=%2Fwp%2Fv2%2Fproduct_tag&post=1914"}],"curies":[{"name":"wp","href":"https:\/\/api.w.org\/{rel}","templated":true}]}}