{"id":1912,"date":"2026-04-07T23:28:53","date_gmt":"2026-04-07T21:28:53","guid":{"rendered":"https:\/\/boutique.bunker-france.com\/?product=couteau-pliant-edc"},"modified":"2026-04-07T23:28:53","modified_gmt":"2026-04-07T21:28:53","slug":"couteau-pliant-edc","status":"publish","type":"product","link":"https:\/\/boutique.bunker-france.com\/?product=couteau-pliant-edc","title":{"rendered":"Couteau Pliant EDC"},"content":{"rendered":"<p>Ce couteau pliant EDC (Everyday Carry) est un outil polyvalent et robuste, id\u00e9al pour les activit\u00e9s de survie, le bushcraft, la randonn\u00e9e et l&rsquo;utilisation quotidienne. Il est dot\u00e9 d&rsquo;une lame tranchante et r\u00e9sistante, ainsi que d&rsquo;un excellent grip pour une prise en main s\u00fbre. Sa conception compacte le rend facile \u00e0 transporter. Il est appr\u00e9ci\u00e9 pour son excellent rapport qualit\u00e9-prix et sa durabilit\u00e9, comme en t\u00e9moignent les nombreux avis clients satisfaits.<\/p>\n","protected":false},"excerpt":{"rendered":"<p>Ce couteau pliant EDC (Everyday Carry) est un outil polyvalent et robuste, id\u00e9al pour les activit\u00e9s de survie, le bushcraft, la randonn\u00e9e et l&rsquo;utilisation quotidienne. Il est dot\u00e9 d&rsquo;une lame tranchante et r\u00e9sistante, ainsi que d&rsquo;un excellent grip pour une prise en main s\u00fbre. Sa conception compacte le rend facile \u00e0 transporter. Il est appr\u00e9ci\u00e9<\/p>\n<div class=\"more-link\">\n             <a href=\"https:\/\/boutique.bunker-france.com\/?product=couteau-pliant-edc\" class=\"theme-btn\"><span>Continue Reading <\/span><i class=\"bi bi-arrow-right\"><\/i><\/a>\n        <\/div>\n","protected":false},"featured_media":1911,"comment_status":"open","ping_status":"closed","template":"","meta":[],"product_brand":[],"product_cat":[58],"product_tag":[],"class_list":{"0":"post-1912","1":"product","2":"type-product","3":"status-publish","4":"has-post-thumbnail","6":"product_cat-couteaux-outils","8":"first","9":"instock","10":"taxable","11":"shipping-taxable","12":"purchasable","13":"product-type-simple"},"_links":{"self":[{"href":"https:\/\/boutique.bunker-france.com\/index.php?rest_route=\/wp\/v2\/product\/1912","targetHints":{"allow":["GET"]}}],"collection":[{"href":"https:\/\/boutique.bunker-france.com\/index.php?rest_route=\/wp\/v2\/product"}],"about":[{"href":"https:\/\/boutique.bunker-france.com\/index.php?rest_route=\/wp\/v2\/types\/product"}],"replies":[{"embeddable":true,"href":"https:\/\/boutique.bunker-france.com\/index.php?rest_route=%2Fwp%2Fv2%2Fcomments&post=1912"}],"wp:featuredmedia":[{"embeddable":true,"href":"https:\/\/boutique.bunker-france.com\/index.php?rest_route=\/wp\/v2\/media\/1911"}],"wp:attachment":[{"href":"https:\/\/boutique.bunker-france.com\/index.php?rest_route=%2Fwp%2Fv2%2Fmedia&parent=1912"}],"wp:term":[{"taxonomy":"product_brand","embeddable":true,"href":"https:\/\/boutique.bunker-france.com\/index.php?rest_route=%2Fwp%2Fv2%2Fproduct_brand&post=1912"},{"taxonomy":"product_cat","embeddable":true,"href":"https:\/\/boutique.bunker-france.com\/index.php?rest_route=%2Fwp%2Fv2%2Fproduct_cat&post=1912"},{"taxonomy":"product_tag","embeddable":true,"href":"https:\/\/boutique.bunker-france.com\/index.php?rest_route=%2Fwp%2Fv2%2Fproduct_tag&post=1912"}],"curies":[{"name":"wp","href":"https:\/\/api.w.org\/{rel}","templated":true}]}}