{"id":1910,"date":"2026-04-07T23:28:53","date_gmt":"2026-04-07T21:28:53","guid":{"rendered":"https:\/\/boutique.bunker-france.com\/?product=couteau-tactique-pliant-damas"},"modified":"2026-04-07T23:28:53","modified_gmt":"2026-04-07T21:28:53","slug":"couteau-tactique-pliant-damas","status":"publish","type":"product","link":"https:\/\/boutique.bunker-france.com\/?product=couteau-tactique-pliant-damas","title":{"rendered":"Couteau Tactique Pliant Damas"},"content":{"rendered":"<p>\ud83d\udd2aLame Aiguis\u00e9e Rasoir<br \/>\nMat\u00e9riau de la poign\u00e9e : Plastique<br \/>\nLongueur de la poign\u00e9e : 12,5 cm<br \/>\nLongueur totale : 22,5 cm<br \/>\nMat\u00e9riau de la lame : Acier 7CR<br \/>\nLongueur de la lame : 9,5 cm<\/p>\n","protected":false},"excerpt":{"rendered":"<p>\ud83d\udd2aLame Aiguis\u00e9e Rasoir Mat\u00e9riau de la poign\u00e9e : Plastique Longueur de la poign\u00e9e : 12,5 cm Longueur totale : 22,5 cm Mat\u00e9riau de la lame : Acier 7CR Longueur de la lame : 9,5 cm<\/p>\n","protected":false},"featured_media":1909,"comment_status":"open","ping_status":"closed","template":"","meta":[],"product_brand":[],"product_cat":[58],"product_tag":[],"class_list":{"0":"post-1910","1":"product","2":"type-product","3":"status-publish","4":"has-post-thumbnail","6":"product_cat-couteaux-outils","8":"first","9":"instock","10":"taxable","11":"shipping-taxable","12":"purchasable","13":"product-type-simple"},"_links":{"self":[{"href":"https:\/\/boutique.bunker-france.com\/index.php?rest_route=\/wp\/v2\/product\/1910","targetHints":{"allow":["GET"]}}],"collection":[{"href":"https:\/\/boutique.bunker-france.com\/index.php?rest_route=\/wp\/v2\/product"}],"about":[{"href":"https:\/\/boutique.bunker-france.com\/index.php?rest_route=\/wp\/v2\/types\/product"}],"replies":[{"embeddable":true,"href":"https:\/\/boutique.bunker-france.com\/index.php?rest_route=%2Fwp%2Fv2%2Fcomments&post=1910"}],"wp:featuredmedia":[{"embeddable":true,"href":"https:\/\/boutique.bunker-france.com\/index.php?rest_route=\/wp\/v2\/media\/1909"}],"wp:attachment":[{"href":"https:\/\/boutique.bunker-france.com\/index.php?rest_route=%2Fwp%2Fv2%2Fmedia&parent=1910"}],"wp:term":[{"taxonomy":"product_brand","embeddable":true,"href":"https:\/\/boutique.bunker-france.com\/index.php?rest_route=%2Fwp%2Fv2%2Fproduct_brand&post=1910"},{"taxonomy":"product_cat","embeddable":true,"href":"https:\/\/boutique.bunker-france.com\/index.php?rest_route=%2Fwp%2Fv2%2Fproduct_cat&post=1910"},{"taxonomy":"product_tag","embeddable":true,"href":"https:\/\/boutique.bunker-france.com\/index.php?rest_route=%2Fwp%2Fv2%2Fproduct_tag&post=1910"}],"curies":[{"name":"wp","href":"https:\/\/api.w.org\/{rel}","templated":true}]}}