{"id":1908,"date":"2026-04-07T23:28:52","date_gmt":"2026-04-07T21:28:52","guid":{"rendered":"https:\/\/boutique.bunker-france.com\/?product=couteau-survie-pliant-coquille-dormeau"},"modified":"2026-04-07T23:28:53","modified_gmt":"2026-04-07T21:28:53","slug":"couteau-survie-pliant-coquille-dormeau","status":"publish","type":"product","link":"https:\/\/boutique.bunker-france.com\/?product=couteau-survie-pliant-coquille-dormeau","title":{"rendered":"Couteau Survie Pliant Coquille d&rsquo;Ormeau"},"content":{"rendered":"<p>Ce couteau Bushcraft \u00e0 lame est id\u00e9al pour toutes vos sorties en for\u00eat et aventures outdoor. Robuste et tr\u00e8s tranchant, il offre un excellent rapport qualit\u00e9-prix. Il est \u00e9galement tr\u00e8s pratique pour la cuisine, allumer un feu ou construire un abri. Profitez de la livraison offerte, d&rsquo;un support rapide et de retours sous 30 jours.<\/p>\n","protected":false},"excerpt":{"rendered":"<p>Ce couteau Bushcraft \u00e0 lame est id\u00e9al pour toutes vos sorties en for\u00eat et aventures outdoor. Robuste et tr\u00e8s tranchant, il offre un excellent rapport qualit\u00e9-prix. Il est \u00e9galement tr\u00e8s pratique pour la cuisine, allumer un feu ou construire un abri. Profitez de la livraison offerte, d&rsquo;un support rapide et de retours sous 30 jours.<\/p>\n","protected":false},"featured_media":1907,"comment_status":"open","ping_status":"closed","template":"","meta":[],"product_brand":[],"product_cat":[58],"product_tag":[],"class_list":{"0":"post-1908","1":"product","2":"type-product","3":"status-publish","4":"has-post-thumbnail","6":"product_cat-couteaux-outils","8":"first","9":"instock","10":"taxable","11":"shipping-taxable","12":"purchasable","13":"product-type-simple"},"_links":{"self":[{"href":"https:\/\/boutique.bunker-france.com\/index.php?rest_route=\/wp\/v2\/product\/1908","targetHints":{"allow":["GET"]}}],"collection":[{"href":"https:\/\/boutique.bunker-france.com\/index.php?rest_route=\/wp\/v2\/product"}],"about":[{"href":"https:\/\/boutique.bunker-france.com\/index.php?rest_route=\/wp\/v2\/types\/product"}],"replies":[{"embeddable":true,"href":"https:\/\/boutique.bunker-france.com\/index.php?rest_route=%2Fwp%2Fv2%2Fcomments&post=1908"}],"wp:featuredmedia":[{"embeddable":true,"href":"https:\/\/boutique.bunker-france.com\/index.php?rest_route=\/wp\/v2\/media\/1907"}],"wp:attachment":[{"href":"https:\/\/boutique.bunker-france.com\/index.php?rest_route=%2Fwp%2Fv2%2Fmedia&parent=1908"}],"wp:term":[{"taxonomy":"product_brand","embeddable":true,"href":"https:\/\/boutique.bunker-france.com\/index.php?rest_route=%2Fwp%2Fv2%2Fproduct_brand&post=1908"},{"taxonomy":"product_cat","embeddable":true,"href":"https:\/\/boutique.bunker-france.com\/index.php?rest_route=%2Fwp%2Fv2%2Fproduct_cat&post=1908"},{"taxonomy":"product_tag","embeddable":true,"href":"https:\/\/boutique.bunker-france.com\/index.php?rest_route=%2Fwp%2Fv2%2Fproduct_tag&post=1908"}],"curies":[{"name":"wp","href":"https:\/\/api.w.org\/{rel}","templated":true}]}}