{"id":1904,"date":"2026-04-07T23:28:52","date_gmt":"2026-04-07T21:28:52","guid":{"rendered":"https:\/\/boutique.bunker-france.com\/?product=couteau-de-survie-damas-avec-etui"},"modified":"2026-04-07T23:28:52","modified_gmt":"2026-04-07T21:28:52","slug":"couteau-de-survie-damas-avec-etui","status":"publish","type":"product","link":"https:\/\/boutique.bunker-france.com\/?product=couteau-de-survie-damas-avec-etui","title":{"rendered":"Couteau de Survie Damas avec \u00e9tui"},"content":{"rendered":"<p>\ud83d\udd2aLame Aiguis\u00e9e Rasoir<br \/>\nMat\u00e9riau de la poign\u00e9e : Caoutchouc<br \/>\nLongueur totale : 21.5cm<br \/>\nLongueur de la lame : 9.8cm<br \/>\nLongueur de la poign\u00e9e : 10cm<br \/>\n\u00c9paisseur de la lame : 5mm<br \/>\nPoids de l&rsquo;outil seul&#8230;&#8230;<\/p>\n","protected":false},"excerpt":{"rendered":"<p>\ud83d\udd2aLame Aiguis\u00e9e Rasoir Mat\u00e9riau de la poign\u00e9e : Caoutchouc Longueur totale : 21.5cm Longueur de la lame : 9.8cm Longueur de la poign\u00e9e : 10cm \u00c9paisseur de la lame : 5mm Poids de l&rsquo;outil seul&#8230;&#8230;<\/p>\n","protected":false},"featured_media":1903,"comment_status":"open","ping_status":"closed","template":"","meta":[],"product_brand":[],"product_cat":[58],"product_tag":[],"class_list":{"0":"post-1904","1":"product","2":"type-product","3":"status-publish","4":"has-post-thumbnail","6":"product_cat-couteaux-outils","8":"first","9":"instock","10":"taxable","11":"shipping-taxable","12":"purchasable","13":"product-type-simple"},"_links":{"self":[{"href":"https:\/\/boutique.bunker-france.com\/index.php?rest_route=\/wp\/v2\/product\/1904","targetHints":{"allow":["GET"]}}],"collection":[{"href":"https:\/\/boutique.bunker-france.com\/index.php?rest_route=\/wp\/v2\/product"}],"about":[{"href":"https:\/\/boutique.bunker-france.com\/index.php?rest_route=\/wp\/v2\/types\/product"}],"replies":[{"embeddable":true,"href":"https:\/\/boutique.bunker-france.com\/index.php?rest_route=%2Fwp%2Fv2%2Fcomments&post=1904"}],"wp:featuredmedia":[{"embeddable":true,"href":"https:\/\/boutique.bunker-france.com\/index.php?rest_route=\/wp\/v2\/media\/1903"}],"wp:attachment":[{"href":"https:\/\/boutique.bunker-france.com\/index.php?rest_route=%2Fwp%2Fv2%2Fmedia&parent=1904"}],"wp:term":[{"taxonomy":"product_brand","embeddable":true,"href":"https:\/\/boutique.bunker-france.com\/index.php?rest_route=%2Fwp%2Fv2%2Fproduct_brand&post=1904"},{"taxonomy":"product_cat","embeddable":true,"href":"https:\/\/boutique.bunker-france.com\/index.php?rest_route=%2Fwp%2Fv2%2Fproduct_cat&post=1904"},{"taxonomy":"product_tag","embeddable":true,"href":"https:\/\/boutique.bunker-france.com\/index.php?rest_route=%2Fwp%2Fv2%2Fproduct_tag&post=1904"}],"curies":[{"name":"wp","href":"https:\/\/api.w.org\/{rel}","templated":true}]}}