{"id":1898,"date":"2026-04-07T23:28:51","date_gmt":"2026-04-07T21:28:51","guid":{"rendered":"https:\/\/boutique.bunker-france.com\/?product=couteau-de-survie-japonais"},"modified":"2026-04-07T23:28:51","modified_gmt":"2026-04-07T21:28:51","slug":"couteau-de-survie-japonais","status":"publish","type":"product","link":"https:\/\/boutique.bunker-france.com\/?product=couteau-de-survie-japonais","title":{"rendered":"Couteau de Survie Japonais"},"content":{"rendered":"<p>Que vous soyez un passionn\u00e9 de randonn\u00e9e ou un aventurier chevronn\u00e9, le couteau de survie japonais est l&rsquo;outil qu&rsquo;il vous faut. Sa longueur totale&#8230;&#8230;<\/p>\n","protected":false},"excerpt":{"rendered":"<p>Que vous soyez un passionn\u00e9 de randonn\u00e9e ou un aventurier chevronn\u00e9, le couteau de survie japonais est l&rsquo;outil qu&rsquo;il vous faut. Sa longueur totale&#8230;&#8230;<\/p>\n","protected":false},"featured_media":1897,"comment_status":"open","ping_status":"closed","template":"","meta":[],"product_brand":[],"product_cat":[58],"product_tag":[],"class_list":{"0":"post-1898","1":"product","2":"type-product","3":"status-publish","4":"has-post-thumbnail","6":"product_cat-couteaux-outils","8":"first","9":"instock","10":"taxable","11":"shipping-taxable","12":"purchasable","13":"product-type-simple"},"_links":{"self":[{"href":"https:\/\/boutique.bunker-france.com\/index.php?rest_route=\/wp\/v2\/product\/1898","targetHints":{"allow":["GET"]}}],"collection":[{"href":"https:\/\/boutique.bunker-france.com\/index.php?rest_route=\/wp\/v2\/product"}],"about":[{"href":"https:\/\/boutique.bunker-france.com\/index.php?rest_route=\/wp\/v2\/types\/product"}],"replies":[{"embeddable":true,"href":"https:\/\/boutique.bunker-france.com\/index.php?rest_route=%2Fwp%2Fv2%2Fcomments&post=1898"}],"wp:featuredmedia":[{"embeddable":true,"href":"https:\/\/boutique.bunker-france.com\/index.php?rest_route=\/wp\/v2\/media\/1897"}],"wp:attachment":[{"href":"https:\/\/boutique.bunker-france.com\/index.php?rest_route=%2Fwp%2Fv2%2Fmedia&parent=1898"}],"wp:term":[{"taxonomy":"product_brand","embeddable":true,"href":"https:\/\/boutique.bunker-france.com\/index.php?rest_route=%2Fwp%2Fv2%2Fproduct_brand&post=1898"},{"taxonomy":"product_cat","embeddable":true,"href":"https:\/\/boutique.bunker-france.com\/index.php?rest_route=%2Fwp%2Fv2%2Fproduct_cat&post=1898"},{"taxonomy":"product_tag","embeddable":true,"href":"https:\/\/boutique.bunker-france.com\/index.php?rest_route=%2Fwp%2Fv2%2Fproduct_tag&post=1898"}],"curies":[{"name":"wp","href":"https:\/\/api.w.org\/{rel}","templated":true}]}}