{"id":1896,"date":"2026-04-07T23:28:51","date_gmt":"2026-04-07T21:28:51","guid":{"rendered":"https:\/\/boutique.bunker-france.com\/?product=couteau-pliant-bushcraft"},"modified":"2026-04-07T23:28:51","modified_gmt":"2026-04-07T21:28:51","slug":"couteau-pliant-bushcraft","status":"publish","type":"product","link":"https:\/\/boutique.bunker-france.com\/?product=couteau-pliant-bushcraft","title":{"rendered":"Couteau Pliant Bushcraft"},"content":{"rendered":"<p>Ce couteau pliant Bushcraft est un outil robuste et tranchant, id\u00e9al pour toutes vos activit\u00e9s en ext\u00e9rieur. Avec une longueur totale de 22cm et une lame de 9.8cm, il est parfait pour le bushcraft, la randonn\u00e9e, la cuisine en pleine nature, allumer un feu ou construire un abri. Sa lame est super r\u00e9sistante et coupante, et son grip offre une excellente prise en main. Il est \u00e9galement tr\u00e8s pratique comme couteau de poche.<\/p>\n","protected":false},"excerpt":{"rendered":"<p>Ce couteau pliant Bushcraft est un outil robuste et tranchant, id\u00e9al pour toutes vos activit\u00e9s en ext\u00e9rieur. Avec une longueur totale de 22cm et une lame de 9.8cm, il est parfait pour le bushcraft, la randonn\u00e9e, la cuisine en pleine nature, allumer un feu ou construire un abri. Sa lame est super r\u00e9sistante et coupante,<\/p>\n<div class=\"more-link\">\n             <a href=\"https:\/\/boutique.bunker-france.com\/?product=couteau-pliant-bushcraft\" class=\"theme-btn\"><span>Continue Reading <\/span><i class=\"bi bi-arrow-right\"><\/i><\/a>\n        <\/div>\n","protected":false},"featured_media":1895,"comment_status":"open","ping_status":"closed","template":"","meta":[],"product_brand":[],"product_cat":[58],"product_tag":[],"class_list":{"0":"post-1896","1":"product","2":"type-product","3":"status-publish","4":"has-post-thumbnail","6":"product_cat-couteaux-outils","8":"first","9":"instock","10":"taxable","11":"shipping-taxable","12":"purchasable","13":"product-type-simple"},"_links":{"self":[{"href":"https:\/\/boutique.bunker-france.com\/index.php?rest_route=\/wp\/v2\/product\/1896","targetHints":{"allow":["GET"]}}],"collection":[{"href":"https:\/\/boutique.bunker-france.com\/index.php?rest_route=\/wp\/v2\/product"}],"about":[{"href":"https:\/\/boutique.bunker-france.com\/index.php?rest_route=\/wp\/v2\/types\/product"}],"replies":[{"embeddable":true,"href":"https:\/\/boutique.bunker-france.com\/index.php?rest_route=%2Fwp%2Fv2%2Fcomments&post=1896"}],"wp:featuredmedia":[{"embeddable":true,"href":"https:\/\/boutique.bunker-france.com\/index.php?rest_route=\/wp\/v2\/media\/1895"}],"wp:attachment":[{"href":"https:\/\/boutique.bunker-france.com\/index.php?rest_route=%2Fwp%2Fv2%2Fmedia&parent=1896"}],"wp:term":[{"taxonomy":"product_brand","embeddable":true,"href":"https:\/\/boutique.bunker-france.com\/index.php?rest_route=%2Fwp%2Fv2%2Fproduct_brand&post=1896"},{"taxonomy":"product_cat","embeddable":true,"href":"https:\/\/boutique.bunker-france.com\/index.php?rest_route=%2Fwp%2Fv2%2Fproduct_cat&post=1896"},{"taxonomy":"product_tag","embeddable":true,"href":"https:\/\/boutique.bunker-france.com\/index.php?rest_route=%2Fwp%2Fv2%2Fproduct_tag&post=1896"}],"curies":[{"name":"wp","href":"https:\/\/api.w.org\/{rel}","templated":true}]}}