{"id":1894,"date":"2026-04-07T23:28:51","date_gmt":"2026-04-07T21:28:51","guid":{"rendered":"https:\/\/boutique.bunker-france.com\/?product=couteau-de-poche-de-survie"},"modified":"2026-04-07T23:28:51","modified_gmt":"2026-04-07T21:28:51","slug":"couteau-de-poche-de-survie","status":"publish","type":"product","link":"https:\/\/boutique.bunker-france.com\/?product=couteau-de-poche-de-survie","title":{"rendered":"Couteau de Poche de Survie"},"content":{"rendered":"<p>Que vous soyez en camping, en randonn\u00e9e ou en exp\u00e9dition, le Couteau de Poche de Survie est l&rsquo;outil indispensable pour toutes vos aventures en plein air. Robuste et polyvalent, il vous accompagnera dans toutes les situations, de la pr\u00e9paration du campement \u00e0 la survie en milieu hostile. Sa lame tranchante et son design ergonomique en font un alli\u00e9 de choix pour les amateurs de survie et les aventuriers.<\/p>\n","protected":false},"excerpt":{"rendered":"<p>Que vous soyez en camping, en randonn\u00e9e ou en exp\u00e9dition, le Couteau de Poche de Survie est l&rsquo;outil indispensable pour toutes vos aventures en plein air. Robuste et polyvalent, il vous accompagnera dans toutes les situations, de la pr\u00e9paration du campement \u00e0 la survie en milieu hostile. Sa lame tranchante et son design ergonomique en<\/p>\n<div class=\"more-link\">\n             <a href=\"https:\/\/boutique.bunker-france.com\/?product=couteau-de-poche-de-survie\" class=\"theme-btn\"><span>Continue Reading <\/span><i class=\"bi bi-arrow-right\"><\/i><\/a>\n        <\/div>\n","protected":false},"featured_media":1893,"comment_status":"open","ping_status":"closed","template":"","meta":[],"product_brand":[],"product_cat":[58],"product_tag":[],"class_list":{"0":"post-1894","1":"product","2":"type-product","3":"status-publish","4":"has-post-thumbnail","6":"product_cat-couteaux-outils","8":"first","9":"instock","10":"taxable","11":"shipping-taxable","12":"purchasable","13":"product-type-simple"},"_links":{"self":[{"href":"https:\/\/boutique.bunker-france.com\/index.php?rest_route=\/wp\/v2\/product\/1894","targetHints":{"allow":["GET"]}}],"collection":[{"href":"https:\/\/boutique.bunker-france.com\/index.php?rest_route=\/wp\/v2\/product"}],"about":[{"href":"https:\/\/boutique.bunker-france.com\/index.php?rest_route=\/wp\/v2\/types\/product"}],"replies":[{"embeddable":true,"href":"https:\/\/boutique.bunker-france.com\/index.php?rest_route=%2Fwp%2Fv2%2Fcomments&post=1894"}],"wp:featuredmedia":[{"embeddable":true,"href":"https:\/\/boutique.bunker-france.com\/index.php?rest_route=\/wp\/v2\/media\/1893"}],"wp:attachment":[{"href":"https:\/\/boutique.bunker-france.com\/index.php?rest_route=%2Fwp%2Fv2%2Fmedia&parent=1894"}],"wp:term":[{"taxonomy":"product_brand","embeddable":true,"href":"https:\/\/boutique.bunker-france.com\/index.php?rest_route=%2Fwp%2Fv2%2Fproduct_brand&post=1894"},{"taxonomy":"product_cat","embeddable":true,"href":"https:\/\/boutique.bunker-france.com\/index.php?rest_route=%2Fwp%2Fv2%2Fproduct_cat&post=1894"},{"taxonomy":"product_tag","embeddable":true,"href":"https:\/\/boutique.bunker-france.com\/index.php?rest_route=%2Fwp%2Fv2%2Fproduct_tag&post=1894"}],"curies":[{"name":"wp","href":"https:\/\/api.w.org\/{rel}","templated":true}]}}