{"id":1890,"date":"2026-04-07T23:28:50","date_gmt":"2026-04-07T21:28:50","guid":{"rendered":"https:\/\/boutique.bunker-france.com\/?product=couteau-de-survie-pliant"},"modified":"2026-04-07T23:28:50","modified_gmt":"2026-04-07T21:28:50","slug":"couteau-de-survie-pliant","status":"publish","type":"product","link":"https:\/\/boutique.bunker-france.com\/?product=couteau-de-survie-pliant","title":{"rendered":"Couteau de Survie Pliant"},"content":{"rendered":"<p>Vous cherchez un couteau ensemble pour vous aider \u00e0 survivre lors de vos randonn\u00e9es et autres activit\u00e9s de plein air? Alors ne cherchez pas plus loin. Le Couteau de Survie Pliant est un must-have pour tout excursionniste. Il est robuste et tr\u00e8s tranchant, parfait pour vos sorties en for\u00eat. Excellent rapport qualit\u00e9-prix, il est devenu l&rsquo;outil pr\u00e9f\u00e9r\u00e9 de nombreux aventuriers pour toutes leurs aventures outdoor. La lame est super r\u00e9sistante et coupante, et le grip est tr\u00e8s bon. Il est \u00e9galement super pratique pour la cuisine, allumer un feu ou construire un abri.<\/p>\n","protected":false},"excerpt":{"rendered":"<p>Vous cherchez un couteau ensemble pour vous aider \u00e0 survivre lors de vos randonn\u00e9es et autres activit\u00e9s de plein air? Alors ne cherchez pas plus loin. Le Couteau de Survie Pliant est un must-have pour tout excursionniste. Il est robuste et tr\u00e8s tranchant, parfait pour vos sorties en for\u00eat. Excellent rapport qualit\u00e9-prix, il est devenu<\/p>\n<div class=\"more-link\">\n             <a href=\"https:\/\/boutique.bunker-france.com\/?product=couteau-de-survie-pliant\" class=\"theme-btn\"><span>Continue Reading <\/span><i class=\"bi bi-arrow-right\"><\/i><\/a>\n        <\/div>\n","protected":false},"featured_media":1889,"comment_status":"open","ping_status":"closed","template":"","meta":[],"product_brand":[],"product_cat":[58],"product_tag":[],"class_list":{"0":"post-1890","1":"product","2":"type-product","3":"status-publish","4":"has-post-thumbnail","6":"product_cat-couteaux-outils","8":"first","9":"instock","10":"taxable","11":"shipping-taxable","12":"purchasable","13":"product-type-simple"},"_links":{"self":[{"href":"https:\/\/boutique.bunker-france.com\/index.php?rest_route=\/wp\/v2\/product\/1890","targetHints":{"allow":["GET"]}}],"collection":[{"href":"https:\/\/boutique.bunker-france.com\/index.php?rest_route=\/wp\/v2\/product"}],"about":[{"href":"https:\/\/boutique.bunker-france.com\/index.php?rest_route=\/wp\/v2\/types\/product"}],"replies":[{"embeddable":true,"href":"https:\/\/boutique.bunker-france.com\/index.php?rest_route=%2Fwp%2Fv2%2Fcomments&post=1890"}],"wp:featuredmedia":[{"embeddable":true,"href":"https:\/\/boutique.bunker-france.com\/index.php?rest_route=\/wp\/v2\/media\/1889"}],"wp:attachment":[{"href":"https:\/\/boutique.bunker-france.com\/index.php?rest_route=%2Fwp%2Fv2%2Fmedia&parent=1890"}],"wp:term":[{"taxonomy":"product_brand","embeddable":true,"href":"https:\/\/boutique.bunker-france.com\/index.php?rest_route=%2Fwp%2Fv2%2Fproduct_brand&post=1890"},{"taxonomy":"product_cat","embeddable":true,"href":"https:\/\/boutique.bunker-france.com\/index.php?rest_route=%2Fwp%2Fv2%2Fproduct_cat&post=1890"},{"taxonomy":"product_tag","embeddable":true,"href":"https:\/\/boutique.bunker-france.com\/index.php?rest_route=%2Fwp%2Fv2%2Fproduct_tag&post=1890"}],"curies":[{"name":"wp","href":"https:\/\/api.w.org\/{rel}","templated":true}]}}