{"id":1883,"date":"2026-04-07T23:09:38","date_gmt":"2026-04-07T21:09:38","guid":{"rendered":"https:\/\/boutique.bunker-france.com\/?product=briquet-tempete-bushcraft"},"modified":"2026-04-07T23:09:38","modified_gmt":"2026-04-07T21:09:38","slug":"briquet-tempete-bushcraft","status":"publish","type":"product","link":"https:\/\/boutique.bunker-france.com\/?product=briquet-tempete-bushcraft","title":{"rendered":"Briquet Tempete Bushcraft"},"content":{"rendered":"<p>Le Briquet Temp\u00eate Bushcraft est un allume-feu fiable et robuste, id\u00e9al pour toutes vos aventures en ext\u00e9rieur. Con\u00e7u pour r\u00e9sister aux conditions m\u00e9t\u00e9orologiques difficiles, il est parfait pour le bushcraft, la survie et le camping. Il est disponible en plusieurs couleurs (Noir, Bleu, Rouge, Vert) et est livr\u00e9 avec une livraison gratuite, des retours sous 30 jours et un support rapide.<\/p>\n","protected":false},"excerpt":{"rendered":"<p>Le Briquet Temp\u00eate Bushcraft est un allume-feu fiable et robuste, id\u00e9al pour toutes vos aventures en ext\u00e9rieur. Con\u00e7u pour r\u00e9sister aux conditions m\u00e9t\u00e9orologiques difficiles, il est parfait pour le bushcraft, la survie et le camping. Il est disponible en plusieurs couleurs (Noir, Bleu, Rouge, Vert) et est livr\u00e9 avec une livraison gratuite, des retours sous<\/p>\n<div class=\"more-link\">\n             <a href=\"https:\/\/boutique.bunker-france.com\/?product=briquet-tempete-bushcraft\" class=\"theme-btn\"><span>Continue Reading <\/span><i class=\"bi bi-arrow-right\"><\/i><\/a>\n        <\/div>\n","protected":false},"featured_media":1882,"comment_status":"open","ping_status":"closed","template":"","meta":[],"product_brand":[],"product_cat":[25],"product_tag":[],"class_list":{"0":"post-1883","1":"product","2":"type-product","3":"status-publish","4":"has-post-thumbnail","6":"product_cat-briquet-de-survie","8":"first","9":"instock","10":"taxable","11":"shipping-taxable","12":"purchasable","13":"product-type-simple"},"_links":{"self":[{"href":"https:\/\/boutique.bunker-france.com\/index.php?rest_route=\/wp\/v2\/product\/1883","targetHints":{"allow":["GET"]}}],"collection":[{"href":"https:\/\/boutique.bunker-france.com\/index.php?rest_route=\/wp\/v2\/product"}],"about":[{"href":"https:\/\/boutique.bunker-france.com\/index.php?rest_route=\/wp\/v2\/types\/product"}],"replies":[{"embeddable":true,"href":"https:\/\/boutique.bunker-france.com\/index.php?rest_route=%2Fwp%2Fv2%2Fcomments&post=1883"}],"wp:featuredmedia":[{"embeddable":true,"href":"https:\/\/boutique.bunker-france.com\/index.php?rest_route=\/wp\/v2\/media\/1882"}],"wp:attachment":[{"href":"https:\/\/boutique.bunker-france.com\/index.php?rest_route=%2Fwp%2Fv2%2Fmedia&parent=1883"}],"wp:term":[{"taxonomy":"product_brand","embeddable":true,"href":"https:\/\/boutique.bunker-france.com\/index.php?rest_route=%2Fwp%2Fv2%2Fproduct_brand&post=1883"},{"taxonomy":"product_cat","embeddable":true,"href":"https:\/\/boutique.bunker-france.com\/index.php?rest_route=%2Fwp%2Fv2%2Fproduct_cat&post=1883"},{"taxonomy":"product_tag","embeddable":true,"href":"https:\/\/boutique.bunker-france.com\/index.php?rest_route=%2Fwp%2Fv2%2Fproduct_tag&post=1883"}],"curies":[{"name":"wp","href":"https:\/\/api.w.org\/{rel}","templated":true}]}}