{"id":1879,"date":"2026-04-07T23:09:37","date_gmt":"2026-04-07T21:09:37","guid":{"rendered":"https:\/\/boutique.bunker-france.com\/?product=briquet-a-gaz-puissant"},"modified":"2026-04-07T23:09:37","modified_gmt":"2026-04-07T21:09:37","slug":"briquet-a-gaz-puissant","status":"publish","type":"product","link":"https:\/\/boutique.bunker-france.com\/?product=briquet-a-gaz-puissant","title":{"rendered":"Briquet \u00e0 gaz Puissant"},"content":{"rendered":"<p>Ce briquet \u00e0 gaz puissant est con\u00e7u pour r\u00e9sister au vent, le rendant id\u00e9al pour les activit\u00e9s de survie et de plein air. Il est facile \u00e0 utiliser et fabriqu\u00e9 avec des mat\u00e9riaux de haute qualit\u00e9, garantissant une flamme super puissante pour allumer rapidement et efficacement. Un outil fiable pour toute situation.<\/p>\n","protected":false},"excerpt":{"rendered":"<p>Ce briquet \u00e0 gaz puissant est con\u00e7u pour r\u00e9sister au vent, le rendant id\u00e9al pour les activit\u00e9s de survie et de plein air. Il est facile \u00e0 utiliser et fabriqu\u00e9 avec des mat\u00e9riaux de haute qualit\u00e9, garantissant une flamme super puissante pour allumer rapidement et efficacement. Un outil fiable pour toute situation.<\/p>\n","protected":false},"featured_media":1878,"comment_status":"open","ping_status":"closed","template":"","meta":[],"product_brand":[],"product_cat":[25],"product_tag":[],"class_list":{"0":"post-1879","1":"product","2":"type-product","3":"status-publish","4":"has-post-thumbnail","6":"product_cat-briquet-de-survie","8":"first","9":"instock","10":"taxable","11":"shipping-taxable","12":"purchasable","13":"product-type-simple"},"_links":{"self":[{"href":"https:\/\/boutique.bunker-france.com\/index.php?rest_route=\/wp\/v2\/product\/1879","targetHints":{"allow":["GET"]}}],"collection":[{"href":"https:\/\/boutique.bunker-france.com\/index.php?rest_route=\/wp\/v2\/product"}],"about":[{"href":"https:\/\/boutique.bunker-france.com\/index.php?rest_route=\/wp\/v2\/types\/product"}],"replies":[{"embeddable":true,"href":"https:\/\/boutique.bunker-france.com\/index.php?rest_route=%2Fwp%2Fv2%2Fcomments&post=1879"}],"wp:featuredmedia":[{"embeddable":true,"href":"https:\/\/boutique.bunker-france.com\/index.php?rest_route=\/wp\/v2\/media\/1878"}],"wp:attachment":[{"href":"https:\/\/boutique.bunker-france.com\/index.php?rest_route=%2Fwp%2Fv2%2Fmedia&parent=1879"}],"wp:term":[{"taxonomy":"product_brand","embeddable":true,"href":"https:\/\/boutique.bunker-france.com\/index.php?rest_route=%2Fwp%2Fv2%2Fproduct_brand&post=1879"},{"taxonomy":"product_cat","embeddable":true,"href":"https:\/\/boutique.bunker-france.com\/index.php?rest_route=%2Fwp%2Fv2%2Fproduct_cat&post=1879"},{"taxonomy":"product_tag","embeddable":true,"href":"https:\/\/boutique.bunker-france.com\/index.php?rest_route=%2Fwp%2Fv2%2Fproduct_tag&post=1879"}],"curies":[{"name":"wp","href":"https:\/\/api.w.org\/{rel}","templated":true}]}}