{"id":1873,"date":"2026-04-07T23:09:36","date_gmt":"2026-04-07T21:09:36","guid":{"rendered":"https:\/\/boutique.bunker-france.com\/?product=briquet-de-survie-pliable"},"modified":"2026-04-07T23:09:36","modified_gmt":"2026-04-07T21:09:36","slug":"briquet-de-survie-pliable","status":"publish","type":"product","link":"https:\/\/boutique.bunker-france.com\/?product=briquet-de-survie-pliable","title":{"rendered":"Briquet de Survie Pliable"},"content":{"rendered":"<p>Ce briquet de survie pliable est un outil essentiel pour toute aventure en plein air. L\u00e9ger avec un poids de 23g et des dimensions de 84*8cm, il est facile \u00e0 transporter. Il est id\u00e9al pour allumer un feu dans diverses conditions. Ce produit b\u00e9n\u00e9ficie de la livraison gratuite, de retours possibles sous 30 jours et d&rsquo;un support rapide.<\/p>\n","protected":false},"excerpt":{"rendered":"<p>Ce briquet de survie pliable est un outil essentiel pour toute aventure en plein air. L\u00e9ger avec un poids de 23g et des dimensions de 84*8cm, il est facile \u00e0 transporter. Il est id\u00e9al pour allumer un feu dans diverses conditions. Ce produit b\u00e9n\u00e9ficie de la livraison gratuite, de retours possibles sous 30 jours et<\/p>\n<div class=\"more-link\">\n             <a href=\"https:\/\/boutique.bunker-france.com\/?product=briquet-de-survie-pliable\" class=\"theme-btn\"><span>Continue Reading <\/span><i class=\"bi bi-arrow-right\"><\/i><\/a>\n        <\/div>\n","protected":false},"featured_media":1872,"comment_status":"open","ping_status":"closed","template":"","meta":[],"product_brand":[],"product_cat":[25],"product_tag":[],"class_list":{"0":"post-1873","1":"product","2":"type-product","3":"status-publish","4":"has-post-thumbnail","6":"product_cat-briquet-de-survie","8":"first","9":"instock","10":"taxable","11":"shipping-taxable","12":"purchasable","13":"product-type-simple"},"_links":{"self":[{"href":"https:\/\/boutique.bunker-france.com\/index.php?rest_route=\/wp\/v2\/product\/1873","targetHints":{"allow":["GET"]}}],"collection":[{"href":"https:\/\/boutique.bunker-france.com\/index.php?rest_route=\/wp\/v2\/product"}],"about":[{"href":"https:\/\/boutique.bunker-france.com\/index.php?rest_route=\/wp\/v2\/types\/product"}],"replies":[{"embeddable":true,"href":"https:\/\/boutique.bunker-france.com\/index.php?rest_route=%2Fwp%2Fv2%2Fcomments&post=1873"}],"wp:featuredmedia":[{"embeddable":true,"href":"https:\/\/boutique.bunker-france.com\/index.php?rest_route=\/wp\/v2\/media\/1872"}],"wp:attachment":[{"href":"https:\/\/boutique.bunker-france.com\/index.php?rest_route=%2Fwp%2Fv2%2Fmedia&parent=1873"}],"wp:term":[{"taxonomy":"product_brand","embeddable":true,"href":"https:\/\/boutique.bunker-france.com\/index.php?rest_route=%2Fwp%2Fv2%2Fproduct_brand&post=1873"},{"taxonomy":"product_cat","embeddable":true,"href":"https:\/\/boutique.bunker-france.com\/index.php?rest_route=%2Fwp%2Fv2%2Fproduct_cat&post=1873"},{"taxonomy":"product_tag","embeddable":true,"href":"https:\/\/boutique.bunker-france.com\/index.php?rest_route=%2Fwp%2Fv2%2Fproduct_tag&post=1873"}],"curies":[{"name":"wp","href":"https:\/\/api.w.org\/{rel}","templated":true}]}}