{"id":1871,"date":"2026-04-07T23:09:36","date_gmt":"2026-04-07T21:09:36","guid":{"rendered":"https:\/\/boutique.bunker-france.com\/?product=briquet-au-gaz-butane"},"modified":"2026-04-07T23:09:36","modified_gmt":"2026-04-07T21:09:36","slug":"briquet-au-gaz-butane","status":"publish","type":"product","link":"https:\/\/boutique.bunker-france.com\/?product=briquet-au-gaz-butane","title":{"rendered":"Briquet Au Gaz Butane"},"content":{"rendered":"<p>D\u00e9couvrez notre Briquet au gaz butane, votre compagnon fiable pour allumer bougies, cigarettes et bien plus encore. Durable, facile \u00e0 utiliser et pratique.<\/p>\n<p>Caract\u00e9ristiques:<br \/>\n* Flamme r\u00e9glable<br \/>\n* Design \u00e9l\u00e9gant<br \/>\n* Pour une utilisation en ext\u00e9rieur<br \/>\n* R\u00e9siste au&#8230;<\/p>\n","protected":false},"excerpt":{"rendered":"<p>D\u00e9couvrez notre Briquet au gaz butane, votre compagnon fiable pour allumer bougies, cigarettes et bien plus encore. Durable, facile \u00e0 utiliser et pratique. Caract\u00e9ristiques: * Flamme r\u00e9glable * Design \u00e9l\u00e9gant * Pour une utilisation en ext\u00e9rieur * R\u00e9siste au&#8230;<\/p>\n","protected":false},"featured_media":1870,"comment_status":"open","ping_status":"closed","template":"","meta":[],"product_brand":[],"product_cat":[25],"product_tag":[],"class_list":{"0":"post-1871","1":"product","2":"type-product","3":"status-publish","4":"has-post-thumbnail","6":"product_cat-briquet-de-survie","8":"first","9":"instock","10":"taxable","11":"shipping-taxable","12":"purchasable","13":"product-type-simple"},"_links":{"self":[{"href":"https:\/\/boutique.bunker-france.com\/index.php?rest_route=\/wp\/v2\/product\/1871","targetHints":{"allow":["GET"]}}],"collection":[{"href":"https:\/\/boutique.bunker-france.com\/index.php?rest_route=\/wp\/v2\/product"}],"about":[{"href":"https:\/\/boutique.bunker-france.com\/index.php?rest_route=\/wp\/v2\/types\/product"}],"replies":[{"embeddable":true,"href":"https:\/\/boutique.bunker-france.com\/index.php?rest_route=%2Fwp%2Fv2%2Fcomments&post=1871"}],"wp:featuredmedia":[{"embeddable":true,"href":"https:\/\/boutique.bunker-france.com\/index.php?rest_route=\/wp\/v2\/media\/1870"}],"wp:attachment":[{"href":"https:\/\/boutique.bunker-france.com\/index.php?rest_route=%2Fwp%2Fv2%2Fmedia&parent=1871"}],"wp:term":[{"taxonomy":"product_brand","embeddable":true,"href":"https:\/\/boutique.bunker-france.com\/index.php?rest_route=%2Fwp%2Fv2%2Fproduct_brand&post=1871"},{"taxonomy":"product_cat","embeddable":true,"href":"https:\/\/boutique.bunker-france.com\/index.php?rest_route=%2Fwp%2Fv2%2Fproduct_cat&post=1871"},{"taxonomy":"product_tag","embeddable":true,"href":"https:\/\/boutique.bunker-france.com\/index.php?rest_route=%2Fwp%2Fv2%2Fproduct_tag&post=1871"}],"curies":[{"name":"wp","href":"https:\/\/api.w.org\/{rel}","templated":true}]}}