{"id":1869,"date":"2026-04-07T23:09:35","date_gmt":"2026-04-07T21:09:35","guid":{"rendered":"https:\/\/boutique.bunker-france.com\/?product=briquet-jet-flamme"},"modified":"2026-04-07T23:09:35","modified_gmt":"2026-04-07T21:09:35","slug":"briquet-jet-flamme","status":"publish","type":"product","link":"https:\/\/boutique.bunker-france.com\/?product=briquet-jet-flamme","title":{"rendered":"Briquet Jet Flamme"},"content":{"rendered":"<p>Que ce soit pour allumer une bougie, un barbecue ou pour d&rsquo;autres besoins du quotidien, ce briquet offre une performance in\u00e9gal\u00e9e avec simplicit\u00e9 et durabilit\u00e9.<\/p>\n<p>* Allumage rapide<br \/>\n* Flamme parfaite \u00e0 port\u00e9e de main<br \/>\n* R\u00e9sistant&#8230;&#8230;<\/p>\n","protected":false},"excerpt":{"rendered":"<p>Que ce soit pour allumer une bougie, un barbecue ou pour d&rsquo;autres besoins du quotidien, ce briquet offre une performance in\u00e9gal\u00e9e avec simplicit\u00e9 et durabilit\u00e9. * Allumage rapide * Flamme parfaite \u00e0 port\u00e9e de main * R\u00e9sistant&#8230;&#8230;<\/p>\n","protected":false},"featured_media":1868,"comment_status":"open","ping_status":"closed","template":"","meta":[],"product_brand":[],"product_cat":[25],"product_tag":[],"class_list":{"0":"post-1869","1":"product","2":"type-product","3":"status-publish","4":"has-post-thumbnail","6":"product_cat-briquet-de-survie","8":"first","9":"instock","10":"taxable","11":"shipping-taxable","12":"purchasable","13":"product-type-simple"},"_links":{"self":[{"href":"https:\/\/boutique.bunker-france.com\/index.php?rest_route=\/wp\/v2\/product\/1869","targetHints":{"allow":["GET"]}}],"collection":[{"href":"https:\/\/boutique.bunker-france.com\/index.php?rest_route=\/wp\/v2\/product"}],"about":[{"href":"https:\/\/boutique.bunker-france.com\/index.php?rest_route=\/wp\/v2\/types\/product"}],"replies":[{"embeddable":true,"href":"https:\/\/boutique.bunker-france.com\/index.php?rest_route=%2Fwp%2Fv2%2Fcomments&post=1869"}],"wp:featuredmedia":[{"embeddable":true,"href":"https:\/\/boutique.bunker-france.com\/index.php?rest_route=\/wp\/v2\/media\/1868"}],"wp:attachment":[{"href":"https:\/\/boutique.bunker-france.com\/index.php?rest_route=%2Fwp%2Fv2%2Fmedia&parent=1869"}],"wp:term":[{"taxonomy":"product_brand","embeddable":true,"href":"https:\/\/boutique.bunker-france.com\/index.php?rest_route=%2Fwp%2Fv2%2Fproduct_brand&post=1869"},{"taxonomy":"product_cat","embeddable":true,"href":"https:\/\/boutique.bunker-france.com\/index.php?rest_route=%2Fwp%2Fv2%2Fproduct_cat&post=1869"},{"taxonomy":"product_tag","embeddable":true,"href":"https:\/\/boutique.bunker-france.com\/index.php?rest_route=%2Fwp%2Fv2%2Fproduct_tag&post=1869"}],"curies":[{"name":"wp","href":"https:\/\/api.w.org\/{rel}","templated":true}]}}