{"id":1861,"date":"2026-04-07T23:04:58","date_gmt":"2026-04-07T21:04:58","guid":{"rendered":"https:\/\/boutique.bunker-france.com\/?product=veste-couverture-de-survie"},"modified":"2026-04-07T23:04:58","modified_gmt":"2026-04-07T21:04:58","slug":"veste-couverture-de-survie","status":"publish","type":"product","link":"https:\/\/boutique.bunker-france.com\/?product=veste-couverture-de-survie","title":{"rendered":"Veste Couverture de Survie"},"content":{"rendered":"<p>Occasions d&rsquo;utilisation :<\/p>\n<p>1. Apr\u00e8s un accident, peut \u00eatre utilis\u00e9 comme couverture d&rsquo;urgence pour couvrir le corps afin de pr\u00e9venir une chute brutale de la temp\u00e9rature corporelle;<br \/>\n2. Lorsque le v\u00e9hicule tombe en panne la nuit ou que l&rsquo;ancre est froide, il peut \u00eatre utilis\u00e9 pour garder le corps au chaud;<br \/>\n3. Le sac de couchage d&rsquo;urgence est utilis\u00e9 pour garder le corps au chaud lorsque vous faites de l&rsquo;exercice;<br \/>\n4. Il peut \u00eatre utilis\u00e9 comme film r\u00e9fl\u00e9chissant pour envoyer un signal de d\u00e9tresse aux sauveteurs;<br \/>\n5. Il peut \u00eatre utilis\u00e9 comme un abri temporaire ou un sac de couchage d&rsquo;urgence apr\u00e8s un accident pour \u00e9viter l&rsquo;hypothermie;<br \/>\n6. Il peut \u00eatre utilis\u00e9 pour couvrir le pare-brise de la voiture pour r\u00e9duire la temp\u00e9rature \u00e0 l&rsquo;int\u00e9rieur de la voiture;<br \/>\n7. Il peut \u00eatre utilis\u00e9 comme un tapis de pique-nique.<\/p>\n","protected":false},"excerpt":{"rendered":"<p>Occasions d&rsquo;utilisation : 1. Apr\u00e8s un accident, peut \u00eatre utilis\u00e9 comme couverture d&rsquo;urgence pour couvrir le corps afin de pr\u00e9venir une chute brutale de la temp\u00e9rature corporelle; 2. Lorsque le v\u00e9hicule tombe en panne la nuit ou que l&rsquo;ancre est froide, il peut \u00eatre utilis\u00e9 pour garder le corps au chaud; 3. Le sac de<\/p>\n<div class=\"more-link\">\n             <a href=\"https:\/\/boutique.bunker-france.com\/?product=veste-couverture-de-survie\" class=\"theme-btn\"><span>Continue Reading <\/span><i class=\"bi bi-arrow-right\"><\/i><\/a>\n        <\/div>\n","protected":false},"featured_media":1860,"comment_status":"open","ping_status":"closed","template":"","meta":[],"product_brand":[],"product_cat":[55],"product_tag":[],"class_list":{"0":"post-1861","1":"product","2":"type-product","3":"status-publish","4":"has-post-thumbnail","6":"product_cat-couverture-de-survie","8":"first","9":"instock","10":"taxable","11":"shipping-taxable","12":"purchasable","13":"product-type-simple"},"_links":{"self":[{"href":"https:\/\/boutique.bunker-france.com\/index.php?rest_route=\/wp\/v2\/product\/1861","targetHints":{"allow":["GET"]}}],"collection":[{"href":"https:\/\/boutique.bunker-france.com\/index.php?rest_route=\/wp\/v2\/product"}],"about":[{"href":"https:\/\/boutique.bunker-france.com\/index.php?rest_route=\/wp\/v2\/types\/product"}],"replies":[{"embeddable":true,"href":"https:\/\/boutique.bunker-france.com\/index.php?rest_route=%2Fwp%2Fv2%2Fcomments&post=1861"}],"wp:featuredmedia":[{"embeddable":true,"href":"https:\/\/boutique.bunker-france.com\/index.php?rest_route=\/wp\/v2\/media\/1860"}],"wp:attachment":[{"href":"https:\/\/boutique.bunker-france.com\/index.php?rest_route=%2Fwp%2Fv2%2Fmedia&parent=1861"}],"wp:term":[{"taxonomy":"product_brand","embeddable":true,"href":"https:\/\/boutique.bunker-france.com\/index.php?rest_route=%2Fwp%2Fv2%2Fproduct_brand&post=1861"},{"taxonomy":"product_cat","embeddable":true,"href":"https:\/\/boutique.bunker-france.com\/index.php?rest_route=%2Fwp%2Fv2%2Fproduct_cat&post=1861"},{"taxonomy":"product_tag","embeddable":true,"href":"https:\/\/boutique.bunker-france.com\/index.php?rest_route=%2Fwp%2Fv2%2Fproduct_tag&post=1861"}],"curies":[{"name":"wp","href":"https:\/\/api.w.org\/{rel}","templated":true}]}}