{"id":1851,"date":"2026-04-07T23:04:57","date_gmt":"2026-04-07T21:04:57","guid":{"rendered":"https:\/\/boutique.bunker-france.com\/?product=couverture-de-survie-210130"},"modified":"2026-04-07T23:04:57","modified_gmt":"2026-04-07T21:04:57","slug":"couverture-de-survie-210130","status":"publish","type":"product","link":"https:\/\/boutique.bunker-france.com\/?product=couverture-de-survie-210130","title":{"rendered":"Couverture de Survie 210*130"},"content":{"rendered":"<p>Mat\u00e9riau : PET<br \/>\nCouleur : Argent\/Or\/Vert\/Orange<br \/>\nTaille : Approximativement 210*130cm (1 pouce = 2,54 cm)<br \/>\nPoids : Argent (50g); Or (61g); Vert (70g); Orange (80g)<br \/>\nTaille de rangement : 11*2*8 cm<\/p>\n<p>La couverture de survie est un \u00e9quipement essentiel pour toute situation d&rsquo;urgence. Fabriqu\u00e9e en PET, elle est con\u00e7ue pour retenir la chaleur corporelle et prot\u00e9ger du froid, du vent et de l&rsquo;humidit\u00e9. Sa taille compacte et son poids l\u00e9ger la rendent facile \u00e0 transporter dans un sac \u00e0 dos ou un kit de survie. Disponible en plusieurs couleurs, elle offre une visibilit\u00e9 accrue en cas de besoin.<\/p>\n","protected":false},"excerpt":{"rendered":"<p>Mat\u00e9riau : PET Couleur : Argent\/Or\/Vert\/Orange Taille : Approximativement 210*130cm (1 pouce = 2,54 cm) Poids : Argent (50g); Or (61g); Vert (70g); Orange (80g) Taille de rangement : 11*2*8 cm La couverture de survie est un \u00e9quipement essentiel pour toute situation d&rsquo;urgence. Fabriqu\u00e9e en PET, elle est con\u00e7ue pour retenir la chaleur corporelle et<\/p>\n<div class=\"more-link\">\n             <a href=\"https:\/\/boutique.bunker-france.com\/?product=couverture-de-survie-210130\" class=\"theme-btn\"><span>Continue Reading <\/span><i class=\"bi bi-arrow-right\"><\/i><\/a>\n        <\/div>\n","protected":false},"featured_media":1850,"comment_status":"open","ping_status":"closed","template":"","meta":[],"product_brand":[],"product_cat":[55],"product_tag":[],"class_list":{"0":"post-1851","1":"product","2":"type-product","3":"status-publish","4":"has-post-thumbnail","6":"product_cat-couverture-de-survie","8":"first","9":"instock","10":"taxable","11":"shipping-taxable","12":"purchasable","13":"product-type-simple"},"_links":{"self":[{"href":"https:\/\/boutique.bunker-france.com\/index.php?rest_route=\/wp\/v2\/product\/1851","targetHints":{"allow":["GET"]}}],"collection":[{"href":"https:\/\/boutique.bunker-france.com\/index.php?rest_route=\/wp\/v2\/product"}],"about":[{"href":"https:\/\/boutique.bunker-france.com\/index.php?rest_route=\/wp\/v2\/types\/product"}],"replies":[{"embeddable":true,"href":"https:\/\/boutique.bunker-france.com\/index.php?rest_route=%2Fwp%2Fv2%2Fcomments&post=1851"}],"wp:featuredmedia":[{"embeddable":true,"href":"https:\/\/boutique.bunker-france.com\/index.php?rest_route=\/wp\/v2\/media\/1850"}],"wp:attachment":[{"href":"https:\/\/boutique.bunker-france.com\/index.php?rest_route=%2Fwp%2Fv2%2Fmedia&parent=1851"}],"wp:term":[{"taxonomy":"product_brand","embeddable":true,"href":"https:\/\/boutique.bunker-france.com\/index.php?rest_route=%2Fwp%2Fv2%2Fproduct_brand&post=1851"},{"taxonomy":"product_cat","embeddable":true,"href":"https:\/\/boutique.bunker-france.com\/index.php?rest_route=%2Fwp%2Fv2%2Fproduct_cat&post=1851"},{"taxonomy":"product_tag","embeddable":true,"href":"https:\/\/boutique.bunker-france.com\/index.php?rest_route=%2Fwp%2Fv2%2Fproduct_tag&post=1851"}],"curies":[{"name":"wp","href":"https:\/\/api.w.org\/{rel}","templated":true}]}}