{"id":1849,"date":"2026-04-07T23:04:57","date_gmt":"2026-04-07T21:04:57","guid":{"rendered":"https:\/\/boutique.bunker-france.com\/?product=pack-couverture-de-survie-5-30-pieces"},"modified":"2026-04-07T23:04:57","modified_gmt":"2026-04-07T21:04:57","slug":"pack-couverture-de-survie-5-30-pieces","status":"publish","type":"product","link":"https:\/\/boutique.bunker-france.com\/?product=pack-couverture-de-survie-5-30-pieces","title":{"rendered":"Pack Couverture de Survie 5-30 pi\u00e8ces"},"content":{"rendered":"<p>Ce pack de couvertures de survie est disponible en plusieurs quantit\u00e9s (5, 10, 20 ou 30 pi\u00e8ces). Chaque couverture est d\u00e9pli\u00e9e \u00e0 130x210cm et fabriqu\u00e9e en film PET avec un rev\u00eatement en aluminium, pesant 40g. La couleur est or-argent. Ce produit b\u00e9n\u00e9ficie de la livraison gratuite, de retours sous 30 jours et d&rsquo;un support rapide.<\/p>\n","protected":false},"excerpt":{"rendered":"<p>Ce pack de couvertures de survie est disponible en plusieurs quantit\u00e9s (5, 10, 20 ou 30 pi\u00e8ces). Chaque couverture est d\u00e9pli\u00e9e \u00e0 130x210cm et fabriqu\u00e9e en film PET avec un rev\u00eatement en aluminium, pesant 40g. La couleur est or-argent. Ce produit b\u00e9n\u00e9ficie de la livraison gratuite, de retours sous 30 jours et d&rsquo;un support rapide.<\/p>\n","protected":false},"featured_media":1848,"comment_status":"open","ping_status":"closed","template":"","meta":[],"product_brand":[],"product_cat":[55],"product_tag":[],"class_list":{"0":"post-1849","1":"product","2":"type-product","3":"status-publish","4":"has-post-thumbnail","6":"product_cat-couverture-de-survie","8":"first","9":"instock","10":"taxable","11":"shipping-taxable","12":"purchasable","13":"product-type-simple"},"_links":{"self":[{"href":"https:\/\/boutique.bunker-france.com\/index.php?rest_route=\/wp\/v2\/product\/1849","targetHints":{"allow":["GET"]}}],"collection":[{"href":"https:\/\/boutique.bunker-france.com\/index.php?rest_route=\/wp\/v2\/product"}],"about":[{"href":"https:\/\/boutique.bunker-france.com\/index.php?rest_route=\/wp\/v2\/types\/product"}],"replies":[{"embeddable":true,"href":"https:\/\/boutique.bunker-france.com\/index.php?rest_route=%2Fwp%2Fv2%2Fcomments&post=1849"}],"wp:featuredmedia":[{"embeddable":true,"href":"https:\/\/boutique.bunker-france.com\/index.php?rest_route=\/wp\/v2\/media\/1848"}],"wp:attachment":[{"href":"https:\/\/boutique.bunker-france.com\/index.php?rest_route=%2Fwp%2Fv2%2Fmedia&parent=1849"}],"wp:term":[{"taxonomy":"product_brand","embeddable":true,"href":"https:\/\/boutique.bunker-france.com\/index.php?rest_route=%2Fwp%2Fv2%2Fproduct_brand&post=1849"},{"taxonomy":"product_cat","embeddable":true,"href":"https:\/\/boutique.bunker-france.com\/index.php?rest_route=%2Fwp%2Fv2%2Fproduct_cat&post=1849"},{"taxonomy":"product_tag","embeddable":true,"href":"https:\/\/boutique.bunker-france.com\/index.php?rest_route=%2Fwp%2Fv2%2Fproduct_tag&post=1849"}],"curies":[{"name":"wp","href":"https:\/\/api.w.org\/{rel}","templated":true}]}}