{"id":1842,"date":"2026-04-07T23:01:08","date_gmt":"2026-04-07T21:01:08","guid":{"rendered":"https:\/\/boutique.bunker-france.com\/?product=paracorde-gris"},"modified":"2026-04-07T23:01:08","modified_gmt":"2026-04-07T21:01:08","slug":"paracorde-gris","status":"publish","type":"product","link":"https:\/\/boutique.bunker-france.com\/?product=paracorde-gris","title":{"rendered":"Paracorde Gris"},"content":{"rendered":"<p>La Paracorde Gris est l&rsquo;accessoire indispensable pour tout aventurier qui veut \u00eatre pr\u00eat \u00e0 affronter toutes les situations de survie. Cette corde r\u00e9sistante et durable est compos\u00e9e de&#8230;&#8230;<\/p>\n","protected":false},"excerpt":{"rendered":"<p>La Paracorde Gris est l&rsquo;accessoire indispensable pour tout aventurier qui veut \u00eatre pr\u00eat \u00e0 affronter toutes les situations de survie. Cette corde r\u00e9sistante et durable est compos\u00e9e de&#8230;&#8230;<\/p>\n","protected":false},"featured_media":1841,"comment_status":"open","ping_status":"closed","template":"","meta":[],"product_brand":[],"product_cat":[16],"product_tag":[],"class_list":{"0":"post-1842","1":"product","2":"type-product","3":"status-publish","4":"has-post-thumbnail","6":"product_cat-paracorde","8":"first","9":"instock","10":"taxable","11":"shipping-taxable","12":"purchasable","13":"product-type-simple"},"_links":{"self":[{"href":"https:\/\/boutique.bunker-france.com\/index.php?rest_route=\/wp\/v2\/product\/1842","targetHints":{"allow":["GET"]}}],"collection":[{"href":"https:\/\/boutique.bunker-france.com\/index.php?rest_route=\/wp\/v2\/product"}],"about":[{"href":"https:\/\/boutique.bunker-france.com\/index.php?rest_route=\/wp\/v2\/types\/product"}],"replies":[{"embeddable":true,"href":"https:\/\/boutique.bunker-france.com\/index.php?rest_route=%2Fwp%2Fv2%2Fcomments&post=1842"}],"wp:featuredmedia":[{"embeddable":true,"href":"https:\/\/boutique.bunker-france.com\/index.php?rest_route=\/wp\/v2\/media\/1841"}],"wp:attachment":[{"href":"https:\/\/boutique.bunker-france.com\/index.php?rest_route=%2Fwp%2Fv2%2Fmedia&parent=1842"}],"wp:term":[{"taxonomy":"product_brand","embeddable":true,"href":"https:\/\/boutique.bunker-france.com\/index.php?rest_route=%2Fwp%2Fv2%2Fproduct_brand&post=1842"},{"taxonomy":"product_cat","embeddable":true,"href":"https:\/\/boutique.bunker-france.com\/index.php?rest_route=%2Fwp%2Fv2%2Fproduct_cat&post=1842"},{"taxonomy":"product_tag","embeddable":true,"href":"https:\/\/boutique.bunker-france.com\/index.php?rest_route=%2Fwp%2Fv2%2Fproduct_tag&post=1842"}],"curies":[{"name":"wp","href":"https:\/\/api.w.org\/{rel}","templated":true}]}}