{"id":1838,"date":"2026-04-07T23:01:08","date_gmt":"2026-04-07T21:01:08","guid":{"rendered":"https:\/\/boutique.bunker-france.com\/?product=paracorde-vert"},"modified":"2026-04-07T23:01:08","modified_gmt":"2026-04-07T21:01:08","slug":"paracorde-vert","status":"publish","type":"product","link":"https:\/\/boutique.bunker-france.com\/?product=paracorde-vert","title":{"rendered":"Paracorde Vert"},"content":{"rendered":"<p>Avec ses 240g, la Paracorde Vert sera votre nouvel alli\u00e9 lors de vos sorties en nature, activit\u00e9s sportives ou projets d&rsquo;artisanat. Fabriqu\u00e9 avec&#8230;<\/p>\n","protected":false},"excerpt":{"rendered":"<p>Avec ses 240g, la Paracorde Vert sera votre nouvel alli\u00e9 lors de vos sorties en nature, activit\u00e9s sportives ou projets d&rsquo;artisanat. Fabriqu\u00e9 avec&#8230;<\/p>\n","protected":false},"featured_media":1837,"comment_status":"open","ping_status":"closed","template":"","meta":[],"product_brand":[],"product_cat":[16],"product_tag":[],"class_list":{"0":"post-1838","1":"product","2":"type-product","3":"status-publish","4":"has-post-thumbnail","6":"product_cat-paracorde","8":"first","9":"instock","10":"taxable","11":"shipping-taxable","12":"purchasable","13":"product-type-simple"},"_links":{"self":[{"href":"https:\/\/boutique.bunker-france.com\/index.php?rest_route=\/wp\/v2\/product\/1838","targetHints":{"allow":["GET"]}}],"collection":[{"href":"https:\/\/boutique.bunker-france.com\/index.php?rest_route=\/wp\/v2\/product"}],"about":[{"href":"https:\/\/boutique.bunker-france.com\/index.php?rest_route=\/wp\/v2\/types\/product"}],"replies":[{"embeddable":true,"href":"https:\/\/boutique.bunker-france.com\/index.php?rest_route=%2Fwp%2Fv2%2Fcomments&post=1838"}],"wp:featuredmedia":[{"embeddable":true,"href":"https:\/\/boutique.bunker-france.com\/index.php?rest_route=\/wp\/v2\/media\/1837"}],"wp:attachment":[{"href":"https:\/\/boutique.bunker-france.com\/index.php?rest_route=%2Fwp%2Fv2%2Fmedia&parent=1838"}],"wp:term":[{"taxonomy":"product_brand","embeddable":true,"href":"https:\/\/boutique.bunker-france.com\/index.php?rest_route=%2Fwp%2Fv2%2Fproduct_brand&post=1838"},{"taxonomy":"product_cat","embeddable":true,"href":"https:\/\/boutique.bunker-france.com\/index.php?rest_route=%2Fwp%2Fv2%2Fproduct_cat&post=1838"},{"taxonomy":"product_tag","embeddable":true,"href":"https:\/\/boutique.bunker-france.com\/index.php?rest_route=%2Fwp%2Fv2%2Fproduct_tag&post=1838"}],"curies":[{"name":"wp","href":"https:\/\/api.w.org\/{rel}","templated":true}]}}