{"id":1836,"date":"2026-04-07T23:01:08","date_gmt":"2026-04-07T21:01:08","guid":{"rendered":"https:\/\/boutique.bunker-france.com\/?product=paracorde-camo"},"modified":"2026-04-07T23:01:08","modified_gmt":"2026-04-07T21:01:08","slug":"paracorde-camo","status":"publish","type":"product","link":"https:\/\/boutique.bunker-france.com\/?product=paracorde-camo","title":{"rendered":"Paracorde Camo"},"content":{"rendered":"<p>Partez \u00e0 l&rsquo;aventure avec la Paracorde Camo, la corde indispensable pour toutes vos activit\u00e9s ext\u00e9rieures. Avec son poids de 240g et sa longueur de 31m, cette paracorde est multifonctionnelle et id\u00e9ale pour le camping, la randonn\u00e9e, la survie et bien plus encore.<\/p>\n","protected":false},"excerpt":{"rendered":"<p>Partez \u00e0 l&rsquo;aventure avec la Paracorde Camo, la corde indispensable pour toutes vos activit\u00e9s ext\u00e9rieures. Avec son poids de 240g et sa longueur de 31m, cette paracorde est multifonctionnelle et id\u00e9ale pour le camping, la randonn\u00e9e, la survie et bien plus encore.<\/p>\n","protected":false},"featured_media":1835,"comment_status":"open","ping_status":"closed","template":"","meta":[],"product_brand":[],"product_cat":[16],"product_tag":[],"class_list":{"0":"post-1836","1":"product","2":"type-product","3":"status-publish","4":"has-post-thumbnail","6":"product_cat-paracorde","8":"first","9":"instock","10":"taxable","11":"shipping-taxable","12":"purchasable","13":"product-type-simple"},"_links":{"self":[{"href":"https:\/\/boutique.bunker-france.com\/index.php?rest_route=\/wp\/v2\/product\/1836","targetHints":{"allow":["GET"]}}],"collection":[{"href":"https:\/\/boutique.bunker-france.com\/index.php?rest_route=\/wp\/v2\/product"}],"about":[{"href":"https:\/\/boutique.bunker-france.com\/index.php?rest_route=\/wp\/v2\/types\/product"}],"replies":[{"embeddable":true,"href":"https:\/\/boutique.bunker-france.com\/index.php?rest_route=%2Fwp%2Fv2%2Fcomments&post=1836"}],"wp:featuredmedia":[{"embeddable":true,"href":"https:\/\/boutique.bunker-france.com\/index.php?rest_route=\/wp\/v2\/media\/1835"}],"wp:attachment":[{"href":"https:\/\/boutique.bunker-france.com\/index.php?rest_route=%2Fwp%2Fv2%2Fmedia&parent=1836"}],"wp:term":[{"taxonomy":"product_brand","embeddable":true,"href":"https:\/\/boutique.bunker-france.com\/index.php?rest_route=%2Fwp%2Fv2%2Fproduct_brand&post=1836"},{"taxonomy":"product_cat","embeddable":true,"href":"https:\/\/boutique.bunker-france.com\/index.php?rest_route=%2Fwp%2Fv2%2Fproduct_cat&post=1836"},{"taxonomy":"product_tag","embeddable":true,"href":"https:\/\/boutique.bunker-france.com\/index.php?rest_route=%2Fwp%2Fv2%2Fproduct_tag&post=1836"}],"curies":[{"name":"wp","href":"https:\/\/api.w.org\/{rel}","templated":true}]}}