{"id":1834,"date":"2026-04-07T23:01:07","date_gmt":"2026-04-07T21:01:07","guid":{"rendered":"https:\/\/boutique.bunker-france.com\/?product=paracorde-kaki"},"modified":"2026-04-07T23:01:07","modified_gmt":"2026-04-07T21:01:07","slug":"paracorde-kaki","status":"publish","type":"product","link":"https:\/\/boutique.bunker-france.com\/?product=paracorde-kaki","title":{"rendered":"Paracorde Kaki"},"content":{"rendered":"<p>La Paracorde Kaki est l&rsquo;accessoire indispensable pour tous les aventuriers et amateurs de plein air. Avec sa conception de 10 fils, elle offre une r\u00e9sistance \u00e0 la rupture exceptionnelle, ce qui en fait un outil fiable pour une multitude d&rsquo;applications. Que vous ayez besoin de monter un abri, de s\u00e9curiser du mat\u00e9riel, de fabriquer un pi\u00e8ge, ou m\u00eame de l&rsquo;utiliser comme fil de p\u00eache, cette paracorde est \u00e0 la hauteur de toutes les situations. Sa couleur kaki discr\u00e8te la rend id\u00e9ale pour se fondre dans l&rsquo;environnement naturel, un atout majeur pour les activit\u00e9s de survie et de camouflage. L\u00e9g\u00e8re et compacte, elle se range facilement dans votre sac \u00e0 dos sans ajouter de poids superflu. C&rsquo;est un \u00e9l\u00e9ment essentiel de tout kit de survie, garantissant votre s\u00e9curit\u00e9 et votre autonomie en milieu sauvage.<\/p>\n","protected":false},"excerpt":{"rendered":"<p>La Paracorde Kaki est l&rsquo;accessoire indispensable pour tous les aventuriers et amateurs de plein air. Avec sa conception de 10 fils, elle offre une r\u00e9sistance \u00e0 la rupture exceptionnelle, ce qui en fait un outil fiable pour une multitude d&rsquo;applications. Que vous ayez besoin de monter un abri, de s\u00e9curiser du mat\u00e9riel, de fabriquer un<\/p>\n<div class=\"more-link\">\n             <a href=\"https:\/\/boutique.bunker-france.com\/?product=paracorde-kaki\" class=\"theme-btn\"><span>Continue Reading <\/span><i class=\"bi bi-arrow-right\"><\/i><\/a>\n        <\/div>\n","protected":false},"featured_media":1833,"comment_status":"open","ping_status":"closed","template":"","meta":[],"product_brand":[],"product_cat":[16],"product_tag":[],"class_list":{"0":"post-1834","1":"product","2":"type-product","3":"status-publish","4":"has-post-thumbnail","6":"product_cat-paracorde","8":"first","9":"instock","10":"taxable","11":"shipping-taxable","12":"purchasable","13":"product-type-simple"},"_links":{"self":[{"href":"https:\/\/boutique.bunker-france.com\/index.php?rest_route=\/wp\/v2\/product\/1834","targetHints":{"allow":["GET"]}}],"collection":[{"href":"https:\/\/boutique.bunker-france.com\/index.php?rest_route=\/wp\/v2\/product"}],"about":[{"href":"https:\/\/boutique.bunker-france.com\/index.php?rest_route=\/wp\/v2\/types\/product"}],"replies":[{"embeddable":true,"href":"https:\/\/boutique.bunker-france.com\/index.php?rest_route=%2Fwp%2Fv2%2Fcomments&post=1834"}],"wp:featuredmedia":[{"embeddable":true,"href":"https:\/\/boutique.bunker-france.com\/index.php?rest_route=\/wp\/v2\/media\/1833"}],"wp:attachment":[{"href":"https:\/\/boutique.bunker-france.com\/index.php?rest_route=%2Fwp%2Fv2%2Fmedia&parent=1834"}],"wp:term":[{"taxonomy":"product_brand","embeddable":true,"href":"https:\/\/boutique.bunker-france.com\/index.php?rest_route=%2Fwp%2Fv2%2Fproduct_brand&post=1834"},{"taxonomy":"product_cat","embeddable":true,"href":"https:\/\/boutique.bunker-france.com\/index.php?rest_route=%2Fwp%2Fv2%2Fproduct_cat&post=1834"},{"taxonomy":"product_tag","embeddable":true,"href":"https:\/\/boutique.bunker-france.com\/index.php?rest_route=%2Fwp%2Fv2%2Fproduct_tag&post=1834"}],"curies":[{"name":"wp","href":"https:\/\/api.w.org\/{rel}","templated":true}]}}