{"id":1830,"date":"2026-04-07T23:01:07","date_gmt":"2026-04-07T21:01:07","guid":{"rendered":"https:\/\/boutique.bunker-france.com\/?product=paracorde-noir-rouge"},"modified":"2026-04-07T23:01:07","modified_gmt":"2026-04-07T21:01:07","slug":"paracorde-noir-rouge","status":"publish","type":"product","link":"https:\/\/boutique.bunker-france.com\/?product=paracorde-noir-rouge","title":{"rendered":"Paracorde Noir\/Rouge"},"content":{"rendered":"<p>La Paracorde Noir\/Rouge est la corde polyvalente et r\u00e9sistante parfaite pour toutes vos aventures en plein air. Con\u00e7ue avec 10 fils pour une solidit\u00e9 maximale.<\/p>\n","protected":false},"excerpt":{"rendered":"<p>La Paracorde Noir\/Rouge est la corde polyvalente et r\u00e9sistante parfaite pour toutes vos aventures en plein air. Con\u00e7ue avec 10 fils pour une solidit\u00e9 maximale.<\/p>\n","protected":false},"featured_media":1829,"comment_status":"open","ping_status":"closed","template":"","meta":[],"product_brand":[],"product_cat":[16],"product_tag":[],"class_list":{"0":"post-1830","1":"product","2":"type-product","3":"status-publish","4":"has-post-thumbnail","6":"product_cat-paracorde","8":"first","9":"instock","10":"taxable","11":"shipping-taxable","12":"purchasable","13":"product-type-simple"},"_links":{"self":[{"href":"https:\/\/boutique.bunker-france.com\/index.php?rest_route=\/wp\/v2\/product\/1830","targetHints":{"allow":["GET"]}}],"collection":[{"href":"https:\/\/boutique.bunker-france.com\/index.php?rest_route=\/wp\/v2\/product"}],"about":[{"href":"https:\/\/boutique.bunker-france.com\/index.php?rest_route=\/wp\/v2\/types\/product"}],"replies":[{"embeddable":true,"href":"https:\/\/boutique.bunker-france.com\/index.php?rest_route=%2Fwp%2Fv2%2Fcomments&post=1830"}],"wp:featuredmedia":[{"embeddable":true,"href":"https:\/\/boutique.bunker-france.com\/index.php?rest_route=\/wp\/v2\/media\/1829"}],"wp:attachment":[{"href":"https:\/\/boutique.bunker-france.com\/index.php?rest_route=%2Fwp%2Fv2%2Fmedia&parent=1830"}],"wp:term":[{"taxonomy":"product_brand","embeddable":true,"href":"https:\/\/boutique.bunker-france.com\/index.php?rest_route=%2Fwp%2Fv2%2Fproduct_brand&post=1830"},{"taxonomy":"product_cat","embeddable":true,"href":"https:\/\/boutique.bunker-france.com\/index.php?rest_route=%2Fwp%2Fv2%2Fproduct_cat&post=1830"},{"taxonomy":"product_tag","embeddable":true,"href":"https:\/\/boutique.bunker-france.com\/index.php?rest_route=%2Fwp%2Fv2%2Fproduct_tag&post=1830"}],"curies":[{"name":"wp","href":"https:\/\/api.w.org\/{rel}","templated":true}]}}