{"id":1825,"date":"2026-04-07T22:56:00","date_gmt":"2026-04-07T20:56:00","guid":{"rendered":"https:\/\/boutique.bunker-france.com\/?product=masque-a-gaz-lunettes"},"modified":"2026-04-07T22:56:00","modified_gmt":"2026-04-07T20:56:00","slug":"masque-a-gaz-lunettes","status":"publish","type":"product","link":"https:\/\/boutique.bunker-france.com\/?product=masque-a-gaz-lunettes","title":{"rendered":"Masque a Gaz Lunettes"},"content":{"rendered":"<p>1. La r\u00e9sistance \u00e0 la salinisation n&rsquo;est pas inf\u00e9rieure \u00e0 90 minutes<br \/>\n2. Anti-a\u00e9rosol VX pendant au moins 120 minutes<br \/>\n3. Anti-CNCL (sec) pendant au moins 32 minutes<br \/>\n4. Anti-CNCL (humide) pendant au moins 26 minutes<br \/>\n5. Anti-HCN pendant&#8230;&#8230;<\/p>\n","protected":false},"excerpt":{"rendered":"<p>1. La r\u00e9sistance \u00e0 la salinisation n&rsquo;est pas inf\u00e9rieure \u00e0 90 minutes 2. Anti-a\u00e9rosol VX pendant au moins 120 minutes 3. Anti-CNCL (sec) pendant au moins 32 minutes 4. Anti-CNCL (humide) pendant au moins 26 minutes 5. Anti-HCN pendant&#8230;&#8230;<\/p>\n","protected":false},"featured_media":1824,"comment_status":"open","ping_status":"closed","template":"","meta":[],"product_brand":[],"product_cat":[29],"product_tag":[],"class_list":{"0":"post-1825","1":"product","2":"type-product","3":"status-publish","4":"has-post-thumbnail","6":"product_cat-masque-a-gaz","8":"first","9":"instock","10":"taxable","11":"shipping-taxable","12":"purchasable","13":"product-type-simple"},"_links":{"self":[{"href":"https:\/\/boutique.bunker-france.com\/index.php?rest_route=\/wp\/v2\/product\/1825","targetHints":{"allow":["GET"]}}],"collection":[{"href":"https:\/\/boutique.bunker-france.com\/index.php?rest_route=\/wp\/v2\/product"}],"about":[{"href":"https:\/\/boutique.bunker-france.com\/index.php?rest_route=\/wp\/v2\/types\/product"}],"replies":[{"embeddable":true,"href":"https:\/\/boutique.bunker-france.com\/index.php?rest_route=%2Fwp%2Fv2%2Fcomments&post=1825"}],"wp:featuredmedia":[{"embeddable":true,"href":"https:\/\/boutique.bunker-france.com\/index.php?rest_route=\/wp\/v2\/media\/1824"}],"wp:attachment":[{"href":"https:\/\/boutique.bunker-france.com\/index.php?rest_route=%2Fwp%2Fv2%2Fmedia&parent=1825"}],"wp:term":[{"taxonomy":"product_brand","embeddable":true,"href":"https:\/\/boutique.bunker-france.com\/index.php?rest_route=%2Fwp%2Fv2%2Fproduct_brand&post=1825"},{"taxonomy":"product_cat","embeddable":true,"href":"https:\/\/boutique.bunker-france.com\/index.php?rest_route=%2Fwp%2Fv2%2Fproduct_cat&post=1825"},{"taxonomy":"product_tag","embeddable":true,"href":"https:\/\/boutique.bunker-france.com\/index.php?rest_route=%2Fwp%2Fv2%2Fproduct_tag&post=1825"}],"curies":[{"name":"wp","href":"https:\/\/api.w.org\/{rel}","templated":true}]}}